{"id":671,"date":"2022-05-26T16:34:32","date_gmt":"2022-05-26T14:34:32","guid":{"rendered":"https:\/\/sein-in-natuerlicher-ordnung.de\/?page_id=671"},"modified":"2023-06-01T19:30:10","modified_gmt":"2023-06-01T17:30:10","slug":"die-kraft-zu-gehen","status":"publish","type":"page","link":"https:\/\/sein-in-natuerlicher-ordnung.de\/en\/die-kraft-zu-gehen\/","title":{"rendered":"Die Kraft zu gehen"},"content":{"rendered":"<div data-colibri-id=\"671-c1\" class=\"style-808 style-local-671-c1 position-relative\">\n  <!---->\n  <div data-colibri-component=\"section\" data-colibri-id=\"671-c2\" id=\"blank\" class=\"h-section h-section-global-spacing d-flex align-items-lg-center align-items-md-center align-items-center style-895 style-local-671-c2 position-relative\">\n    <!---->\n    <!---->\n    <div class=\"h-section-grid-container h-section-boxed-container\">\n      <!---->\n      <div data-colibri-id=\"671-c3\" class=\"h-row-container gutters-row-lg-2 gutters-row-md-2 gutters-row-0 gutters-row-v-lg-2 gutters-row-v-md-2 gutters-row-v-2 style-896 style-local-671-c3 position-relative\">\n        <!---->\n        <div class=\"h-row justify-content-lg-center justify-content-md-center justify-content-center align-items-lg-stretch align-items-md-stretch align-items-stretch gutters-col-lg-2 gutters-col-md-2 gutters-col-0 gutters-col-v-lg-2 gutters-col-v-md-2 gutters-col-v-2\">\n          <!---->\n          <div class=\"h-column h-column-container d-flex h-col-lg-auto h-col-md-auto h-col-auto style-897-outer style-local-671-c4-outer\">\n            <div data-colibri-id=\"671-c4\" class=\"d-flex h-flex-basis h-column__inner h-ui-empty-state-container h-px-lg-2 h-px-md-2 h-px-2 v-inner-lg-2 v-inner-md-2 v-inner-2 style-897 style-local-671-c4 position-relative\">\n              <!---->\n              <!---->\n              <div class=\"w-100 h-y-container h-column__content h-column__v-align flex-basis-100\">\n                <!---->\n              <\/div>\n            <\/div>\n          <\/div>\n          <div class=\"h-column h-column-container d-flex h-col-lg-auto h-col-md-auto h-col-auto style-898-outer style-local-671-c5-outer\">\n            <div data-colibri-id=\"671-c5\" class=\"d-flex h-flex-basis h-column__inner h-ui-empty-state-container h-px-lg-2 h-px-md-2 h-px-2 v-inner-lg-2 v-inner-md-2 v-inner-2 style-898 style-local-671-c5 position-relative\">\n              <!---->\n              <!---->\n              <div class=\"w-100 h-y-container h-column__content h-column__v-align flex-basis-100\">\n                <!---->\n              <\/div>\n            <\/div>\n          <\/div>\n        <\/div>\n      <\/div>\n    <\/div>\n  <\/div>\n  <div data-colibri-component=\"section\" data-colibri-id=\"671-c10\" id=\"about\" class=\"h-section h-section-global-spacing d-flex align-items-lg-center align-items-md-center align-items-center style-809 style-local-671-c10 position-relative\">\n    <!---->\n    <!---->\n    <div class=\"h-section-grid-container h-section-boxed-container\">\n      <!---->\n      <div data-colibri-id=\"671-c11\" class=\"h-row-container gutters-row-lg-2 gutters-row-md-2 gutters-row-0 gutters-row-v-lg-2 gutters-row-v-md-2 gutters-row-v-2 style-816 style-local-671-c11 position-relative\">\n        <!---->\n        <div class=\"h-row justify-content-lg-center justify-content-md-center justify-content-center align-items-lg-stretch align-items-md-stretch align-items-stretch gutters-col-lg-2 gutters-col-md-2 gutters-col-0 gutters-col-v-lg-2 gutters-col-v-md-2 gutters-col-v-2\">\n          <!---->\n          <div class=\"h-column h-column-container d-flex h-col-lg-auto h-col-md-auto h-col-auto style-817-outer style-local-671-c12-outer\">\n            <div data-colibri-id=\"671-c12\" class=\"d-flex h-flex-basis h-column__inner h-px-lg-2 h-px-md-2 h-px-2 v-inner-lg-2 v-inner-md-2 v-inner-2 style-817 style-local-671-c12 position-relative\">\n              <!---->\n              <!---->\n              <div class=\"w-100 h-y-container h-column__content h-column__v-align flex-basis-100 align-self-lg-start align-self-md-start align-self-start\">\n                <!---->\n                <div data-colibri-id=\"671-c13\" class=\"h-global-transition-all h-heading style-818 style-local-671-c13 position-relative h-element\">\n                  <!---->\n                  <div class=\"h-heading__outer style-818 style-local-671-c13\">\n                    <!---->\n                    <!---->\n                    <h1 class=\"\">The power to pass<\/h1>\n                  <\/div>\n                <\/div>\n              <\/div>\n            <\/div>\n          <\/div>\n        <\/div>\n      <\/div>\n      <div data-colibri-id=\"671-c14\" class=\"h-row-container gutters-row-lg-0 gutters-row-md-0 gutters-row-0 gutters-row-v-lg-0 gutters-row-v-md-0 gutters-row-v-0 style-810 style-local-671-c14 position-relative\">\n        <!---->\n        <div class=\"h-row justify-content-lg-center justify-content-md-center justify-content-center align-items-lg-stretch align-items-md-stretch align-items-stretch gutters-col-lg-0 gutters-col-md-0 gutters-col-0 gutters-col-v-lg-0 gutters-col-v-md-0 gutters-col-v-0\">\n          <!---->\n          <div class=\"h-column h-column-container d-flex h-col-lg-auto h-col-md-auto h-col-auto style-811-outer style-local-671-c15-outer\">\n            <div data-colibri-id=\"671-c15\" class=\"d-flex h-flex-basis h-column__inner h-px-lg-0 h-px-md-0 h-px-0 v-inner-lg-0 v-inner-md-0 v-inner-0 style-811 style-local-671-c15 position-relative\">\n              <!---->\n              <!---->\n              <div class=\"w-100 h-y-container h-column__content h-column__v-align flex-basis-100 align-self-lg-start align-self-md-start align-self-start\">\n                <!---->\n                <div data-colibri-id=\"671-c16\" class=\"h-global-transition-all h-heading style-966 style-local-671-c16 position-relative h-element\">\n                  <!---->\n                  <div class=\"h-heading__outer style-966 style-local-671-c16\">\n                    <!---->\n                    <!---->\n                    <h4 class=\"\">\"For the Love of Living\" and \"For the Love of Dying\u201c<\/h4>\n                  <\/div>\n                <\/div>\n                <div data-colibri-id=\"671-c17\" class=\"h-text h-text-component style-814 style-local-671-c17 position-relative h-element\">\n                  <!---->\n                  <!---->\n                  <div class=\"\">\n                    <p>This treatment, when received during this lifetime, supports the soul to complete, with love, all outstanding tasks. This treatment, when received in the process of dying, prepares the recipient for the transition.<\/p>\n                    <p>Essential oils are applied,\n                      <br>they work with the cell memory, and connections are made to the soul of the recipient according to their soul plan.\n                      <br>It harmonises, supports, balances, and brings into divine order.<\/p>\n                    <p>It is about how cords, connections that serve no one and harm everyone, are severed and karmic connections are dissolved.<\/p>\n                    <p>This gentle, calm and powerful treatment wants to reach out for evolution,                     wants to support people lovingly.<\/p>\n                  <\/div>\n                <\/div>\n              <\/div>\n            <\/div>\n          <\/div>\n        <\/div>\n      <\/div>\n    <\/div>\n  <\/div>\n  <div data-colibri-component=\"section\" data-colibri-id=\"671-c18\" id=\"about-2\" class=\"h-section h-section-global-spacing d-flex align-items-lg-center align-items-md-center align-items-center style-820 style-local-671-c18 position-relative\">\n    <!---->\n    <!---->\n    <div class=\"h-section-grid-container h-section-boxed-container\">\n      <!---->\n      <div data-colibri-id=\"671-c19\" class=\"h-row-container gutters-row-lg-0 gutters-row-md-0 gutters-row-0 gutters-row-v-lg-0 gutters-row-v-md-0 gutters-row-v-0 style-821 style-local-671-c19 position-relative\">\n        <!---->\n        <div class=\"h-row justify-content-lg-center justify-content-md-center justify-content-center align-items-lg-stretch align-items-md-stretch align-items-stretch gutters-col-lg-0 gutters-col-md-0 gutters-col-0 gutters-col-v-lg-0 gutters-col-v-md-0 gutters-col-v-0\">\n          <!---->\n          <div class=\"h-column h-column-container d-flex h-col-lg-auto h-col-md-auto h-col-auto style-822-outer style-local-671-c20-outer\">\n            <div data-colibri-id=\"671-c20\" class=\"d-flex h-flex-basis h-column__inner h-px-lg-0 h-px-md-0 h-px-0 v-inner-lg-0 v-inner-md-0 v-inner-0 style-822 style-local-671-c20 position-relative\">\n              <!---->\n              <!---->\n              <div class=\"w-100 h-y-container h-column__content h-column__v-align flex-basis-100 align-self-lg-start align-self-md-start align-self-start\">\n                <!---->\n                <div data-colibri-id=\"671-c21\" class=\"h-global-transition-all h-heading style-823 style-local-671-c21 position-relative h-element\">\n                  <!---->\n                  <div class=\"h-heading__outer style-823 style-local-671-c21\">\n                    <!---->\n                    <!---->\n                    <h4 class=\"\">For the love of life:<\/h4>\n                  <\/div>\n                <\/div>\n                <div data-colibri-id=\"671-c22\" class=\"h-text h-text-component style-825 style-local-671-c22 position-relative h-element\">\n                  <!---->\n                  <!---->\n                  <div class=\"\">\n                    <p>For people who want to free themselves from systems in life, but cannot get out on their own\u2014 even when they know it doesn\u2018t serve their soul.<\/p>\n                    <p>- Family systems: when you don\u2018t want to continue living life like other family members<\/p>\n                    <p>- A profession<\/p>\n                    <p>- A sect<\/p>\n                    <p>- A relationship<\/p>\n                  <\/div>\n                <\/div>\n              <\/div>\n            <\/div>\n          <\/div>\n          <div class=\"h-column h-column-container d-flex h-col-lg-auto h-col-md-auto h-col-auto style-826-outer style-local-671-c23-outer\">\n            <div data-colibri-id=\"671-c23\" class=\"d-flex h-flex-basis h-column__inner h-px-lg-3 h-px-md-3 h-px-3 v-inner-lg-3 v-inner-md-3 v-inner-3 style-826 style-local-671-c23 position-relative\">\n              <!---->\n              <!---->\n              <div class=\"w-100 h-y-container h-column__content h-column__v-align flex-basis-100 align-self-lg-center align-self-md-center align-self-center\">\n                <!---->\n                <div data-colibri-id=\"671-c24\" class=\"h-text h-text-component style-827 style-local-671-c24 position-relative h-element\">\n                  <!---->\n                  <!---->\n                  <div class=\"\">\n                    <p>By having the power to step out of systems of life that are totally consuming,\n                      <br> the heaviness may give way and life may continue easily.<\/p>\n                    <p>Diese Anwendung zu Lebzeiten zu empfangen w\u00e4hrend einer schweren Krankheit oder einer Reha nach schwerer Krankheit, umsorgt Dich ausserdem und weist Dir den Weg was Du in diesem Leben noch aufarbeiten darst.<\/p>\n                    <p>Die Seele bekommt somit die Kraft zu entscheiden, ob sie zur\u00fcck ins Leben gehen m\u00f6chte oder ob es f\u00fcr sie an der Zeit ist zu gehen.<\/p>\n                  <\/div>\n                <\/div>\n              <\/div>\n            <\/div>\n          <\/div>\n        <\/div>\n      <\/div>\n    <\/div>\n  <\/div>\n  <div data-colibri-component=\"section\" data-colibri-id=\"671-c25\" id=\"about-3\" class=\"h-section h-section-global-spacing d-flex align-items-lg-center align-items-md-center align-items-center style-828 style-local-671-c25 position-relative\">\n    <!---->\n    <!---->\n    <div class=\"h-section-grid-container h-section-boxed-container\">\n      <!---->\n      <div data-colibri-id=\"671-c26\" class=\"h-row-container gutters-row-lg-0 gutters-row-md-0 gutters-row-0 gutters-row-v-lg-0 gutters-row-v-md-0 gutters-row-v-0 style-829 style-local-671-c26 position-relative\">\n        <!---->\n        <div class=\"h-row justify-content-lg-center justify-content-md-center justify-content-center align-items-lg-stretch align-items-md-stretch align-items-stretch gutters-col-lg-0 gutters-col-md-0 gutters-col-0 gutters-col-v-lg-0 gutters-col-v-md-0 gutters-col-v-0\">\n          <!---->\n          <div class=\"h-column h-column-container d-flex h-col-lg-auto h-col-md-auto h-col-auto style-830-outer style-local-671-c27-outer\">\n            <div data-colibri-id=\"671-c27\" class=\"d-flex h-flex-basis h-column__inner h-px-lg-0 h-px-md-0 h-px-0 v-inner-lg-0 v-inner-md-0 v-inner-0 style-830 style-local-671-c27 position-relative\">\n              <!---->\n              <!---->\n              <div class=\"w-100 h-y-container h-column__content h-column__v-align flex-basis-100 align-self-lg-start align-self-md-start align-self-start\">\n                <!---->\n                <div data-colibri-id=\"671-c28\" class=\"h-global-transition-all h-heading style-831 style-local-671-c28 position-relative h-element\">\n                  <!---->\n                  <div class=\"h-heading__outer style-831 style-local-671-c28\">\n                    <!---->\n                    <!---->\n                    <h4 class=\"\">For the love of dying<\/h4>\n                  <\/div>\n                <\/div>\n                <div data-colibri-id=\"671-c29\" class=\"h-text h-text-component style-833 style-local-671-c29 position-relative h-element\">\n                  <!---->\n                  <!---->\n                  <div class=\"\">\n                    <p>This treatment makes the transition and the farewell easier, to go in peace,                                   without fear and in trust of the light.<\/p>\n                    <p>- People who are about to die<\/p>\n                    <p>- People who are dying&nbsp;<\/p>\n                    <p>- People who died a few hours ago<\/p>\n                    <p>- People who are in a coma or a vegetative state<\/p>\n                  <\/div>\n                <\/div>\n              <\/div>\n            <\/div>\n          <\/div>\n          <div class=\"h-column h-column-container d-flex h-col-lg-auto h-col-md-auto h-col-auto style-834-outer style-local-671-c30-outer\">\n            <div data-colibri-id=\"671-c30\" class=\"d-flex h-flex-basis h-column__inner h-px-lg-2 h-px-md-2 h-px-2 v-inner-lg-2 v-inner-md-2 v-inner-2 style-834 style-local-671-c30 position-relative\">\n              <!---->\n              <!---->\n              <div class=\"w-100 h-y-container h-column__content h-column__v-align flex-basis-100 align-self-lg-center align-self-md-center align-self-center\">\n                <!---->\n                <div data-colibri-id=\"671-c31\" class=\"h-text h-text-component style-835 style-local-671-c31 position-relative h-element\">\n                  <!---->\n                  <!---->\n                  <div class=\"\">\n                    <p>It will be easier for people who have a connection to the deceased person to process                     the death and the farewell.<\/p>\n                    <p> This treatment brings the existing connection into the form that corresponds to the highest good of all and the divine order.<\/p>\n                    <p>So the relatives are not trapped between the worlds because parts of the soul                                      are still attached to the deceased person.<\/p>\n                  <\/div>\n                <\/div>\n              <\/div>\n            <\/div>\n          <\/div>\n        <\/div>\n      <\/div>\n    <\/div>\n  <\/div>\n  <div data-colibri-component=\"section\" data-colibri-id=\"671-c32\" id=\"about-4\" class=\"h-section h-section-global-spacing d-flex align-items-lg-center align-items-md-center align-items-center style-836 style-local-671-c32 position-relative\">\n    <!---->\n    <!---->\n    <div class=\"h-section-grid-container h-section-boxed-container\">\n      <!---->\n      <div data-colibri-id=\"671-c33\" class=\"h-row-container gutters-row-lg-0 gutters-row-md-0 gutters-row-0 gutters-row-v-lg-0 gutters-row-v-md-0 gutters-row-v-0 style-837 style-local-671-c33 position-relative\">\n        <!---->\n        <div class=\"h-row justify-content-lg-center justify-content-md-center justify-content-center align-items-lg-stretch align-items-md-stretch align-items-stretch gutters-col-lg-0 gutters-col-md-0 gutters-col-0 gutters-col-v-lg-0 gutters-col-v-md-0 gutters-col-v-0\">\n          <!---->\n          <div class=\"h-column h-column-container d-flex h-col-lg-auto h-col-md-auto h-col-auto style-838-outer style-local-671-c34-outer\">\n            <div data-colibri-id=\"671-c34\" class=\"d-flex h-flex-basis h-column__inner h-px-lg-0 h-px-md-0 h-px-0 v-inner-lg-0 v-inner-md-0 v-inner-0 style-838 style-local-671-c34 position-relative\">\n              <!---->\n              <!---->\n              <div class=\"w-100 h-y-container h-column__content h-column__v-align flex-basis-100 align-self-lg-start align-self-md-start align-self-start\">\n                <!---->\n                <div data-colibri-id=\"671-c35\" class=\"h-text h-text-component style-841 style-local-671-c35 position-relative h-element\">\n                  <!---->\n                  <!---->\n                  <div class=\"\">\n                    <p>A wave of relief will sweep through the collective field of souls and humans\n                      <br>to deal with the process of death naturally and be prepared for the next incarnation with ease.<\/p>\n                    <p>So this treatment is a service for the evolution,\n                      <br>the current change of our Mother Earth,\n                      <br>to which every single soul that receives this treatment contributes.<\/p>\n                  <\/div>\n                <\/div>\n              <\/div>\n            <\/div>\n          <\/div>\n        <\/div>\n      <\/div>\n    <\/div>\n  <\/div>\n  <div data-colibri-component=\"section\" data-colibri-id=\"671-c36\" id=\"about-5\" class=\"h-section h-section-global-spacing d-flex align-items-lg-center align-items-md-center align-items-center style-843 style-local-671-c36 position-relative\">\n    <!---->\n    <!---->\n    <div class=\"h-section-grid-container h-section-boxed-container\">\n      <!---->\n      <div data-colibri-id=\"671-c37\" class=\"h-row-container gutters-row-lg-0 gutters-row-md-0 gutters-row-0 gutters-row-v-lg-0 gutters-row-v-md-0 gutters-row-v-0 style-844 style-local-671-c37 position-relative\">\n        <!---->\n        <div class=\"h-row justify-content-lg-center justify-content-md-center justify-content-center align-items-lg-stretch align-items-md-stretch align-items-stretch gutters-col-lg-0 gutters-col-md-0 gutters-col-0 gutters-col-v-lg-0 gutters-col-v-md-0 gutters-col-v-0\">\n          <!---->\n          <div class=\"h-column h-column-container d-flex h-col-lg-auto h-col-md-auto h-col-auto style-845-outer style-local-671-c38-outer\">\n            <div data-colibri-id=\"671-c38\" class=\"d-flex h-flex-basis h-column__inner h-px-lg-0 h-px-md-0 h-px-0 v-inner-lg-0 v-inner-md-0 v-inner-0 style-845 style-local-671-c38 position-relative\">\n              <!---->\n              <!---->\n              <div class=\"w-100 h-y-container h-column__content h-column__v-align flex-basis-100 align-self-lg-start align-self-md-start align-self-start\">\n                <!---->\n                <div data-colibri-id=\"671-c39\" class=\"h-text h-text-component style-1116 style-local-671-c39 position-relative h-element\">\n                  <!---->\n                  <!---->\n                  <div class=\"\">\n                    <p>Energieausgleich:&nbsp; 100 Euro\n                      <br>Dauer:&nbsp;&nbsp;ca. 1 Stunde<\/p>\n                  <\/div>\n                <\/div>\n              <\/div>\n            <\/div>\n          <\/div>\n        <\/div>\n      <\/div>\n    <\/div>\n  <\/div>\n<\/div>","protected":false},"excerpt":{"rendered":"<p>Die Kraft zu Gehen \u201eF\u00fcr die Liebe zum Leben\u201c und \u201eF\u00fcr die Liebe zum Sterben\u201c Diese Anwendung zu Lebzeiten empfangen, unterst\u00fctzt die Seele alles in Liebe so weit abzuschliessen in dieser gelebten Inkarnation. Wird diese Anwendung im Sterbeprozess empfangen, bereitet sie die empfangene Person auf den \u00dcbergang vor. Es werden \u00e4therische \u00d6le aufgetragen. Sie arbeiten [&hellip;]<\/p>","protected":false},"author":1,"featured_media":0,"parent":0,"menu_order":0,"comment_status":"closed","ping_status":"closed","template":"page-templates\/full-width-page.php","meta":[],"_links":{"self":[{"href":"https:\/\/sein-in-natuerlicher-ordnung.de\/en\/wp-json\/wp\/v2\/pages\/671"}],"collection":[{"href":"https:\/\/sein-in-natuerlicher-ordnung.de\/en\/wp-json\/wp\/v2\/pages"}],"about":[{"href":"https:\/\/sein-in-natuerlicher-ordnung.de\/en\/wp-json\/wp\/v2\/types\/page"}],"author":[{"embeddable":true,"href":"https:\/\/sein-in-natuerlicher-ordnung.de\/en\/wp-json\/wp\/v2\/users\/1"}],"replies":[{"embeddable":true,"href":"https:\/\/sein-in-natuerlicher-ordnung.de\/en\/wp-json\/wp\/v2\/comments?post=671"}],"version-history":[{"count":20,"href":"https:\/\/sein-in-natuerlicher-ordnung.de\/en\/wp-json\/wp\/v2\/pages\/671\/revisions"}],"predecessor-version":[{"id":3032,"href":"https:\/\/sein-in-natuerlicher-ordnung.de\/en\/wp-json\/wp\/v2\/pages\/671\/revisions\/3032"}],"wp:attachment":[{"href":"https:\/\/sein-in-natuerlicher-ordnung.de\/en\/wp-json\/wp\/v2\/media?parent=671"}],"curies":[{"name":"wp","href":"https:\/\/api.w.org\/{rel}","templated":true}]}}