{"id":5,"date":"2021-04-26T12:22:58","date_gmt":"2021-04-26T10:22:58","guid":{"rendered":"https:\/\/sein-in-natuerlicher-ordnung.de\/?page_id=5"},"modified":"2022-10-05T18:32:59","modified_gmt":"2022-10-05T16:32:59","slug":"datenschutzerklaerung","status":"publish","type":"page","link":"https:\/\/sein-in-natuerlicher-ordnung.de\/en\/datenschutzerklaerung\/","title":{"rendered":"Datenschutzerkl\u00e4rung"},"content":{"rendered":"<div data-colibri-id=\"5-c1\" class=\"style-945 style-local-5-c1 position-relative\">\n  <!---->\n  <div data-colibri-component=\"section\" data-colibri-id=\"5-c2\" id=\"about\" class=\"h-section h-section-global-spacing d-flex align-items-lg-center align-items-md-center align-items-center style-959 style-local-5-c2 position-relative\">\n    <!---->\n    <!---->\n    <div class=\"h-section-grid-container h-section-boxed-container\">\n      <!---->\n      <div data-colibri-id=\"5-c3\" class=\"h-row-container gutters-row-lg-2 gutters-row-md-2 gutters-row-0 gutters-row-v-lg-2 gutters-row-v-md-2 gutters-row-v-2 style-1073 style-local-5-c3 position-relative\">\n        <!---->\n        <div class=\"h-row justify-content-lg-center justify-content-md-center justify-content-center align-items-lg-stretch align-items-md-stretch align-items-stretch gutters-col-lg-2 gutters-col-md-2 gutters-col-0 gutters-col-v-lg-2 gutters-col-v-md-2 gutters-col-v-2\">\n          <!---->\n          <div class=\"h-column h-column-container d-flex h-col-lg-auto h-col-md-auto h-col-auto style-1074-outer style-local-5-c4-outer\">\n            <div data-colibri-id=\"5-c4\" class=\"d-flex h-flex-basis h-column__inner h-px-lg-2 h-px-md-2 h-px-2 v-inner-lg-2 v-inner-md-2 v-inner-2 style-1074 style-local-5-c4 position-relative\">\n              <!---->\n              <!---->\n              <div class=\"w-100 h-y-container h-column__content h-column__v-align flex-basis-100 align-self-lg-start align-self-md-start align-self-start\">\n                <!---->\n                <div data-colibri-id=\"5-c5\" class=\"h-global-transition-all h-heading style-1075 style-local-5-c5 position-relative h-element\">\n                  <!---->\n                  <div class=\"h-heading__outer style-1075 style-local-5-c5\">\n                    <!---->\n                    <!---->\n                    <h1 class=\"\">Datenschutzerkl\u00e4rung<\/h1>\n                  <\/div>\n                <\/div>\n              <\/div>\n            <\/div>\n          <\/div>\n        <\/div>\n      <\/div>\n      <div data-colibri-id=\"5-c6\" class=\"h-row-container gutters-row-lg-2 gutters-row-md-2 gutters-row-0 gutters-row-v-lg-2 gutters-row-v-md-2 gutters-row-v-2 style-1076 style-local-5-c6 position-relative\">\n        <!---->\n        <div class=\"h-row justify-content-lg-center justify-content-md-center justify-content-center align-items-lg-stretch align-items-md-stretch align-items-stretch gutters-col-lg-2 gutters-col-md-2 gutters-col-0 gutters-col-v-lg-2 gutters-col-v-md-2 gutters-col-v-2\">\n          <!---->\n          <div class=\"h-column h-column-container d-flex h-col-lg-auto h-col-md-auto h-col-auto style-1077-outer style-local-5-c7-outer\">\n            <div data-colibri-id=\"5-c7\" class=\"d-flex h-flex-basis h-column__inner h-px-lg-2 h-px-md-2 h-px-2 v-inner-lg-2 v-inner-md-2 v-inner-2 style-1077 style-local-5-c7 position-relative\">\n              <!---->\n              <!---->\n              <div class=\"w-100 h-y-container h-column__content h-column__v-align flex-basis-100 align-self-lg-start align-self-md-start align-self-start\">\n                <!---->\n                <div data-colibri-id=\"5-c8\" class=\"h-text h-text-component style-1078 style-local-5-c8 position-relative h-element\">\n                  <!---->\n                  <!---->\n                  <div class=\"\">\n                    <p>Die Betreiber dieser Seite nehmen den Schutz Ihrer pers\u00f6nlichen Daten sehr ernst. Wir behandeln Ihre personenbezogenen Daten vertraulich und entsprechend der gesetzlichen Datenschutzvorschriften sowie dieser Datenschutzerkl\u00e4rung.<\/p>\n                    <p>Verantwortlicher\n                      <br>Verantwortlicher f\u00fcr die Datenerhebung und Datenverarbeitung ist:\n                      <br>Nicole Sander\n                      <br>Hauptstrasse 27\n                      <br>27809 Lemwerder\n                      <br>0049 176 55 00 41 46<\/p>\n                    <p>\n                      <br>\n                    <\/p>\n                    <p>Nicht personenbezogene Daten, die automatisch erfasst werden\n                      <br>Bei der Nutzung unserer Internetseite wird Ihre IP-Adresse \u00fcbermittelt. Ihre IP-Adresse wird von Google jedoch innerhalb von Mitgliedstaaten der Europ\u00e4ischen Union oder in anderen Vertragsstaaten des Abkommens \u00fcber den Europ\u00e4ischen\n                      Wirtschaftsraum zuvor gek\u00fcrzt. Nur in Ausnahmef\u00e4llen wird die volle IP-Adresse an einen Server von Google in den USA \u00fcbertragen und dort gek\u00fcrzt. Diese Daten lassen keine R\u00fcckschl\u00fcsse auf eine individuelle Person zu. Ihre personenbezogenen\n                      Daten und Ihre Privatsph\u00e4re sind also jederzeit gesch\u00fctzt.<\/p>\n                    <p>Weitergabe von Daten an Dritte\n                      <br>Eine \u00dcbermittlung Ihrer pers\u00f6nlichen Daten an Dritte zu anderen als den im Folgenden aufgef\u00fchrten Zwecken findet nicht statt.&nbsp;<\/p>\n                    <p>Cookies\n                      <br>Unsere Internetseite verwendet Cookies. Cookies sind kleine Textdateien, die vom Web-Server an Ihren PC verschickt werden und meist auf Ihrer Festplatte abgespeichert werden. Es handelt sich dabei nicht um Programme, die in das System\n                      des Benutzers eindringen und dort Schaden anrichten k\u00f6nnen. Mit Hilfe von Cookies verbessern wir den Komfort und die Qualit\u00e4t unseres Services, indem z. B. Nutzereinstellungen gespeichert werden. Sie k\u00f6nnen Ihren Browser so konfigurieren,\n                      dass die Annahme von Cookies prinzipiell verweigert wird oder Sie vorab informiert werden, wenn ein Cookie gespeichert wird. Weitere Informationen dazu finden Sie in der Bedienungsanleitung Ihres Internet-Browsers.<\/p>\n                    <p>Widerspruchs- und Widerrufsrecht, L\u00f6schungs- und Berichtigungsbegehren\n                      <br>Sie haben jederzeit die M\u00f6glichkeit, Ihre Einwilligung zur Verarbeitung der personenbezogenen Daten zu widerrufen und Ihre personenbezogenen Daten l\u00f6schen bzw. ab\u00e4ndern zu lassen. Sind die Daten zur Erf\u00fcllung des Vertrages oder zur\n                      Durchf\u00fchrung vorvertraglicher Ma\u00dfnahmen erforderlich, ist eine vorzeitige L\u00f6schung der Daten nur m\u00f6glich, soweit nicht vertragliche oder gesetzliche Verpflichtungen einer L\u00f6schung entgegenstehen. Auskunfts-, Berichtigungs- und L\u00f6schungsbegehren\n                      sowie der Widerruf bzw. der Widerspruch bez\u00fcglich der weitergehenden Nutzung der Daten eventuell an uns erteilter Einwilligungen k\u00f6nnen wie folgt formlos erkl\u00e4rt werden:<\/p>\n                    <p>\n                      <br>\n                    <\/p>\n                  <\/div>\n                <\/div>\n              <\/div>\n            <\/div>\n          <\/div>\n        <\/div>\n      <\/div>\n    <\/div>\n  <\/div>\n<\/div>","protected":false},"excerpt":{"rendered":"<p>Datenschutzerkl\u00e4rung Die Betreiber dieser Seite nehmen den Schutz Ihrer pers\u00f6nlichen Daten sehr ernst. Wir behandeln Ihre personenbezogenen Daten vertraulich und entsprechend der gesetzlichen Datenschutzvorschriften sowie dieser Datenschutzerkl\u00e4rung. Verantwortlicher Verantwortlicher f\u00fcr die Datenerhebung und Datenverarbeitung ist: Nicole Sander Hauptstrasse 27 27809 Lemwerder 0049 176 55 00 41 46 Nicht personenbezogene Daten, die automatisch erfasst werden Bei [&hellip;]<\/p>","protected":false},"author":1,"featured_media":0,"parent":0,"menu_order":0,"comment_status":"closed","ping_status":"closed","template":"page-templates\/full-width-page.php","meta":[],"_links":{"self":[{"href":"https:\/\/sein-in-natuerlicher-ordnung.de\/en\/wp-json\/wp\/v2\/pages\/5"}],"collection":[{"href":"https:\/\/sein-in-natuerlicher-ordnung.de\/en\/wp-json\/wp\/v2\/pages"}],"about":[{"href":"https:\/\/sein-in-natuerlicher-ordnung.de\/en\/wp-json\/wp\/v2\/types\/page"}],"author":[{"embeddable":true,"href":"https:\/\/sein-in-natuerlicher-ordnung.de\/en\/wp-json\/wp\/v2\/users\/1"}],"replies":[{"embeddable":true,"href":"https:\/\/sein-in-natuerlicher-ordnung.de\/en\/wp-json\/wp\/v2\/comments?post=5"}],"version-history":[{"count":4,"href":"https:\/\/sein-in-natuerlicher-ordnung.de\/en\/wp-json\/wp\/v2\/pages\/5\/revisions"}],"predecessor-version":[{"id":2188,"href":"https:\/\/sein-in-natuerlicher-ordnung.de\/en\/wp-json\/wp\/v2\/pages\/5\/revisions\/2188"}],"wp:attachment":[{"href":"https:\/\/sein-in-natuerlicher-ordnung.de\/en\/wp-json\/wp\/v2\/media?parent=5"}],"curies":[{"name":"wp","href":"https:\/\/api.w.org\/{rel}","templated":true}]}}