{"id":2300,"date":"2022-10-06T16:21:51","date_gmt":"2022-10-06T14:21:51","guid":{"rendered":"https:\/\/sein-in-natuerlicher-ordnung.de\/?page_id=2300"},"modified":"2023-06-01T19:46:13","modified_gmt":"2023-06-01T17:46:13","slug":"chakrabalance-fernheilung","status":"publish","type":"page","link":"https:\/\/sein-in-natuerlicher-ordnung.de\/en\/chakrabalance-fernheilung\/","title":{"rendered":"Schamanische Heilsitzung: Chakrabalance Fernheilung"},"content":{"rendered":"<div data-colibri-id=\"2300-c1\" class=\"style-1131 style-local-2300-c1 position-relative\">\n  <!---->\n  <div data-colibri-component=\"section\" data-colibri-id=\"2300-c2\" id=\"custom\" class=\"h-section h-section-global-spacing d-flex align-items-lg-center align-items-md-center align-items-center style-1132 style-local-2300-c2 position-relative\">\n    <!---->\n    <!---->\n    <div class=\"h-section-grid-container h-section-boxed-container\">\n      <!---->\n      <div data-colibri-id=\"2300-c3\" class=\"h-row-container gutters-row-lg-2 gutters-row-md-2 gutters-row-0 gutters-row-v-lg-2 gutters-row-v-md-2 gutters-row-v-2 style-1133 style-local-2300-c3 position-relative\">\n        <!---->\n        <div class=\"h-row justify-content-lg-center justify-content-md-center justify-content-center align-items-lg-stretch align-items-md-stretch align-items-stretch gutters-col-lg-2 gutters-col-md-2 gutters-col-0 gutters-col-v-lg-2 gutters-col-v-md-2 gutters-col-v-2\">\n          <!---->\n          <div class=\"h-column h-column-container d-flex h-col-lg-auto h-col-md-auto h-col-auto style-1134-outer style-local-2300-c4-outer\">\n            <div data-colibri-id=\"2300-c4\" class=\"d-flex h-flex-basis h-column__inner h-ui-empty-state-container h-px-lg-2 h-px-md-2 h-px-2 v-inner-lg-2 v-inner-md-2 v-inner-2 style-1134 style-local-2300-c4 position-relative\">\n              <!---->\n              <!---->\n              <div class=\"w-100 h-y-container h-column__content h-column__v-align flex-basis-100\">\n                <!---->\n              <\/div>\n            <\/div>\n          <\/div>\n        <\/div>\n      <\/div>\n    <\/div>\n  <\/div>\n  <div data-colibri-component=\"section\" data-colibri-id=\"2300-c5\" id=\"custom-2\" class=\"h-section h-section-global-spacing d-flex align-items-lg-center align-items-md-center align-items-center style-1139 style-local-2300-c5 position-relative\">\n    <!---->\n    <!---->\n    <div class=\"h-section-grid-container h-section-boxed-container\">\n      <!---->\n      <div data-colibri-id=\"2300-c6\" class=\"h-row-container gutters-row-lg-2 gutters-row-md-2 gutters-row-0 gutters-row-v-lg-2 gutters-row-v-md-2 gutters-row-v-2 style-1142 style-local-2300-c6 position-relative\">\n        <!---->\n        <div class=\"h-row justify-content-lg-center justify-content-md-center justify-content-center align-items-lg-stretch align-items-md-stretch align-items-stretch gutters-col-lg-2 gutters-col-md-2 gutters-col-0 gutters-col-v-lg-2 gutters-col-v-md-2 gutters-col-v-2\">\n          <!---->\n          <div class=\"h-column h-column-container d-flex h-col-lg-auto h-col-md-auto h-col-auto style-1143-outer style-local-2300-c7-outer\">\n            <div data-colibri-id=\"2300-c7\" class=\"d-flex h-flex-basis h-column__inner h-px-lg-2 h-px-md-2 h-px-2 v-inner-lg-2 v-inner-md-2 v-inner-2 style-1143 style-local-2300-c7 position-relative\">\n              <!---->\n              <!---->\n              <div class=\"w-100 h-y-container h-column__content h-column__v-align flex-basis-100 align-self-lg-start align-self-md-start align-self-start\">\n                <!---->\n                <div data-colibri-id=\"2300-c8\" class=\"h-global-transition-all h-heading style-1144 style-local-2300-c8 position-relative h-element\">\n                  <!---->\n                  <div class=\"h-heading__outer style-1144 style-local-2300-c8\">\n                    <!---->\n                    <!---->\n                    <h1 class=\"\">Chakrabalance als Fernheilung<\/h1>\n                  <\/div>\n                <\/div>\n              <\/div>\n            <\/div>\n          <\/div>\n        <\/div>\n      <\/div>\n    <\/div>\n  <\/div>\n  <div data-colibri-component=\"section\" data-colibri-id=\"2300-c9\" id=\"about\" class=\"h-section h-section-global-spacing d-flex align-items-lg-center align-items-md-center align-items-center style-1148 style-local-2300-c9 position-relative\">\n    <!---->\n    <!---->\n    <div class=\"h-section-grid-container h-section-boxed-container\">\n      <!---->\n      <div data-colibri-id=\"2300-c10\" class=\"h-row-container gutters-row-lg-0 gutters-row-md-0 gutters-row-0 gutters-row-v-lg-0 gutters-row-v-md-0 gutters-row-v-0 style-1149 style-local-2300-c10 position-relative\">\n        <!---->\n        <div class=\"h-row justify-content-lg-center justify-content-md-center justify-content-center align-items-lg-stretch align-items-md-stretch align-items-stretch gutters-col-lg-0 gutters-col-md-0 gutters-col-0 gutters-col-v-lg-0 gutters-col-v-md-0 gutters-col-v-0\">\n          <!---->\n          <div class=\"h-column h-column-container d-flex h-col-lg-auto h-col-md-auto h-col-auto style-1150-outer style-local-2300-c11-outer\">\n            <div data-colibri-id=\"2300-c11\" class=\"d-flex h-flex-basis h-column__inner h-px-lg-0 h-px-md-0 h-px-0 v-inner-lg-0 v-inner-md-0 v-inner-0 style-1150 style-local-2300-c11 position-relative\">\n              <!---->\n              <!---->\n              <div class=\"w-100 h-y-container h-column__content h-column__v-align flex-basis-100 align-self-lg-start align-self-md-start align-self-start\">\n                <!---->\n                <div data-colibri-id=\"2300-c12\" class=\"h-text h-text-component style-1153 style-local-2300-c12 position-relative h-element\">\n                  <!---->\n                  <!---->\n                  <div class=\"\">\n                    <p>I work with stones from nature, that were initiated to me for the                                                                        shamanic healing sessions according to the tradition of the Queros, Natives of Peru.<\/p>\n                    <p>In addition, I invite guidance from the spirits to build up a healing space for you, which also leads me to your and my highest good through this healing session.<\/p>\n                    <p>Wir beginnen einleitend mit einem Gespr\u00e4ch am Telefon \u00fcber WhatsApp oder Skype o.\u00e4.<\/p>\n                    <p>F\u00fcr die Fernheilung lege ich die Steine in einem Kreis aus wie eine Uhr.<\/p>\n                    <p>Du nennst mir intuitiv eine Zahl zwischen 1 und 12.<\/p>\n                    <p>So w\u00e4hlst Du f\u00fcr jedes Chakra einen Stein aus, beginnend mit dem Wurzelchakra.&nbsp;<\/p>\n                    <p>Mit jedem gew\u00e4hlten Stein fokussierst Du Dich auf das geweilige Chakra und pustest drei mal alles was gerade da ist aus dem Chakra in den Stein, den ich dann am Lautsprecher hinhalte damit er es aufnehmen kann.<\/p>\n                    <p>Nach dem Gespr\u00e4ch legst Du Dich entspannt hin und deckst Dich zu.<\/p>\n                    <p>Ich werde dann Deine Energiek\u00f6rper zu mir rufen.<\/p>\n                    <p>Die von Dir ausgew\u00e4hlten Steine lege ich nacheinander auf Deine Chakren auf.<\/p>\n                    <p> So arbeiten sie an Deinen Energiek\u00f6rpern in Verbindung mit den Geistf\u00fchrern.<\/p>\n                    <p>It's about letting go of what body, mind and soul are ready for - to take the next step in life.<\/p>\n                    <p>Loszulassen wozu K\u00f6rper, Geist und Seele bereit sind um den n\u00e4chsten Schritt im Leben angehen zu k\u00f6nnen.<\/p>\n                    <p>The chakras are cleaned and aligned, and so is the entire aura. This in turn affects the physical level.<\/p>\n                    <p>With guidance from the spirits, your inner axis will be realigned.<\/p>\n                    <p>Which allows connection, stability, trust and solidarity to develop in life itself.<\/p>\n                    <p>It gives you courage and clarity on the energetic and physical level in times of radical transition and a new beginning to realign your life.<\/p>\n                    <p>Nach dieser Heilsitzung schicke ich Deine Energiek\u00f6rper wieder zur\u00fcck.<\/p>\n                    <p>Ich rufe Dich danach kurz zur\u00fcck und gebe Dir somit ein Zeichen dass Du langsam wieder bei Dir ankommen kannst.&nbsp;<\/p>\n                  <\/div>\n                <\/div>\n              <\/div>\n            <\/div>\n          <\/div>\n        <\/div>\n      <\/div>\n    <\/div>\n  <\/div>\n  <div data-colibri-component=\"section\" data-colibri-id=\"2300-c13\" id=\"about-2\" class=\"h-section h-section-global-spacing d-flex align-items-lg-center align-items-md-center align-items-center style-1158 style-local-2300-c13 position-relative\">\n    <!---->\n    <!---->\n    <div class=\"h-section-grid-container h-section-boxed-container\">\n      <!---->\n      <div data-colibri-id=\"2300-c14\" class=\"h-row-container gutters-row-lg-0 gutters-row-md-0 gutters-row-0 gutters-row-v-lg-0 gutters-row-v-md-0 gutters-row-v-0 style-1159 style-local-2300-c14 position-relative\">\n        <!---->\n        <div class=\"h-row justify-content-lg-center justify-content-md-center justify-content-center align-items-lg-stretch align-items-md-stretch align-items-stretch gutters-col-lg-0 gutters-col-md-0 gutters-col-0 gutters-col-v-lg-0 gutters-col-v-md-0 gutters-col-v-0\">\n          <!---->\n          <div class=\"h-column h-column-container d-flex h-col-lg-auto h-col-md-auto h-col-auto style-1160-outer style-local-2300-c15-outer\">\n            <div data-colibri-id=\"2300-c15\" class=\"d-flex h-flex-basis h-column__inner h-px-lg-0 h-px-md-0 h-px-0 v-inner-lg-0 v-inner-md-0 v-inner-0 style-1160 style-local-2300-c15 position-relative\">\n              <!---->\n              <!---->\n              <div class=\"w-100 h-y-container h-column__content h-column__v-align flex-basis-100 align-self-lg-start align-self-md-start align-self-start\">\n                <!---->\n                <div data-colibri-id=\"2300-c16\" class=\"h-text h-text-component style-1163 style-local-2300-c16 position-relative h-element\">\n                  <!---->\n                  <!---->\n                  <div class=\"\">\n                    <p>Energieausgleich:&nbsp;&nbsp;120 Euro\n                      <br>Dauer:&nbsp;&nbsp;1,5 &#8211; 2 Stunden<\/p>\n                  <\/div>\n                <\/div>\n              <\/div>\n            <\/div>\n          <\/div>\n        <\/div>\n      <\/div>\n    <\/div>\n  <\/div>\n<\/div>","protected":false},"excerpt":{"rendered":"<p>Chakrabalance als Fernheilung Ich arbeite mit Steinen aus der Natur, die mit mir f\u00fcr die schamanischen Heilsitzungen nach der Tradition der Queros, Natives aus Peru eingeweiht wurden. Dazu lade ich die Geistf\u00fchrer ein, f\u00fcr Dich ein Heilungsfeld aufzubauen, was auch mich zu Deinem und meinem h\u00f6chsten Wohle durch diese Heilsitzung f\u00fchrt. Wir beginnen einleitend mit [&hellip;]<\/p>","protected":false},"author":1,"featured_media":0,"parent":0,"menu_order":0,"comment_status":"closed","ping_status":"closed","template":"page-templates\/full-width-page.php","meta":[],"_links":{"self":[{"href":"https:\/\/sein-in-natuerlicher-ordnung.de\/en\/wp-json\/wp\/v2\/pages\/2300"}],"collection":[{"href":"https:\/\/sein-in-natuerlicher-ordnung.de\/en\/wp-json\/wp\/v2\/pages"}],"about":[{"href":"https:\/\/sein-in-natuerlicher-ordnung.de\/en\/wp-json\/wp\/v2\/types\/page"}],"author":[{"embeddable":true,"href":"https:\/\/sein-in-natuerlicher-ordnung.de\/en\/wp-json\/wp\/v2\/users\/1"}],"replies":[{"embeddable":true,"href":"https:\/\/sein-in-natuerlicher-ordnung.de\/en\/wp-json\/wp\/v2\/comments?post=2300"}],"version-history":[{"count":9,"href":"https:\/\/sein-in-natuerlicher-ordnung.de\/en\/wp-json\/wp\/v2\/pages\/2300\/revisions"}],"predecessor-version":[{"id":3095,"href":"https:\/\/sein-in-natuerlicher-ordnung.de\/en\/wp-json\/wp\/v2\/pages\/2300\/revisions\/3095"}],"wp:attachment":[{"href":"https:\/\/sein-in-natuerlicher-ordnung.de\/en\/wp-json\/wp\/v2\/media?parent=2300"}],"curies":[{"name":"wp","href":"https:\/\/api.w.org\/{rel}","templated":true}]}}