{"id":2200,"date":"2022-10-05T18:36:39","date_gmt":"2022-10-05T16:36:39","guid":{"rendered":"https:\/\/sein-in-natuerlicher-ordnung.de\/?page_id=2200"},"modified":"2023-06-01T19:42:48","modified_gmt":"2023-06-01T17:42:48","slug":"schamanische-heilsitzung-seelenrueckholung-fernheilung","status":"publish","type":"page","link":"https:\/\/sein-in-natuerlicher-ordnung.de\/en\/schamanische-heilsitzung-seelenrueckholung-fernheilung\/","title":{"rendered":"Schamanische Heilsitzung: Seelenr\u00fcckholung Fernheilung"},"content":{"rendered":"<div data-colibri-id=\"2200-c1\" class=\"style-1164 style-local-2200-c1 position-relative\">\n  <!---->\n  <div data-colibri-component=\"section\" data-colibri-id=\"2200-c2\" id=\"custom\" class=\"h-section h-section-global-spacing d-flex align-items-lg-center align-items-md-center align-items-center style-1165 style-local-2200-c2 position-relative\">\n    <!---->\n    <!---->\n    <div class=\"h-section-grid-container h-section-boxed-container\">\n      <!---->\n      <div data-colibri-id=\"2200-c3\" class=\"h-row-container gutters-row-lg-2 gutters-row-md-2 gutters-row-0 gutters-row-v-lg-2 gutters-row-v-md-2 gutters-row-v-2 style-1166 style-local-2200-c3 position-relative\">\n        <!---->\n        <div class=\"h-row justify-content-lg-center justify-content-md-center justify-content-center align-items-lg-stretch align-items-md-stretch align-items-stretch gutters-col-lg-2 gutters-col-md-2 gutters-col-0 gutters-col-v-lg-2 gutters-col-v-md-2 gutters-col-v-2\">\n          <!---->\n          <div class=\"h-column h-column-container d-flex h-col-lg-auto h-col-md-auto h-col-auto style-1167-outer style-local-2200-c4-outer\">\n            <div data-colibri-id=\"2200-c4\" class=\"d-flex h-flex-basis h-column__inner h-ui-empty-state-container h-px-lg-2 h-px-md-2 h-px-2 v-inner-lg-2 v-inner-md-2 v-inner-2 style-1167 style-local-2200-c4 position-relative\">\n              <!---->\n              <!---->\n              <div class=\"w-100 h-y-container h-column__content h-column__v-align flex-basis-100\">\n                <!---->\n              <\/div>\n            <\/div>\n          <\/div>\n        <\/div>\n      <\/div>\n    <\/div>\n  <\/div>\n  <div data-colibri-component=\"section\" data-colibri-id=\"2200-c5\" id=\"custom-2\" class=\"h-section h-section-global-spacing d-flex align-items-lg-center align-items-md-center align-items-center style-1168 style-local-2200-c5 position-relative\">\n    <!---->\n    <!---->\n    <div class=\"h-section-grid-container h-section-boxed-container\">\n      <!---->\n      <div data-colibri-id=\"2200-c6\" class=\"h-row-container gutters-row-lg-2 gutters-row-md-2 gutters-row-0 gutters-row-v-lg-2 gutters-row-v-md-2 gutters-row-v-2 style-1171 style-local-2200-c6 position-relative\">\n        <!---->\n        <div class=\"h-row justify-content-lg-center justify-content-md-center justify-content-center align-items-lg-stretch align-items-md-stretch align-items-stretch gutters-col-lg-2 gutters-col-md-2 gutters-col-0 gutters-col-v-lg-2 gutters-col-v-md-2 gutters-col-v-2\">\n          <!---->\n          <div class=\"h-column h-column-container d-flex h-col-lg-auto h-col-md-auto h-col-auto style-1172-outer style-local-2200-c7-outer\">\n            <div data-colibri-id=\"2200-c7\" class=\"d-flex h-flex-basis h-column__inner h-px-lg-2 h-px-md-2 h-px-2 v-inner-lg-2 v-inner-md-2 v-inner-2 style-1172 style-local-2200-c7 position-relative\">\n              <!---->\n              <!---->\n              <div class=\"w-100 h-y-container h-column__content h-column__v-align flex-basis-100 align-self-lg-start align-self-md-start align-self-start\">\n                <!---->\n                <div data-colibri-id=\"2200-c8\" class=\"h-global-transition-all h-heading style-1173 style-local-2200-c8 position-relative h-element\">\n                  <!---->\n                  <div class=\"h-heading__outer style-1173 style-local-2200-c8\">\n                    <!---->\n                    <!---->\n                    <h1 class=\"\">Seelenr\u00fcckholung als Fernheilung<\/h1>\n                  <\/div>\n                <\/div>\n              <\/div>\n            <\/div>\n          <\/div>\n        <\/div>\n      <\/div>\n    <\/div>\n  <\/div>\n  <div data-colibri-component=\"section\" data-colibri-id=\"2200-c9\" id=\"about\" class=\"h-section h-section-global-spacing d-flex align-items-lg-center align-items-md-center align-items-center style-1174 style-local-2200-c9 position-relative\">\n    <!---->\n    <!---->\n    <div class=\"h-section-grid-container h-section-boxed-container\">\n      <!---->\n      <div data-colibri-id=\"2200-c10\" class=\"h-row-container gutters-row-lg-0 gutters-row-md-0 gutters-row-0 gutters-row-v-lg-0 gutters-row-v-md-0 gutters-row-v-0 style-1175 style-local-2200-c10 position-relative\">\n        <!---->\n        <div class=\"h-row justify-content-lg-center justify-content-md-center justify-content-center align-items-lg-stretch align-items-md-stretch align-items-stretch gutters-col-lg-0 gutters-col-md-0 gutters-col-0 gutters-col-v-lg-0 gutters-col-v-md-0 gutters-col-v-0\">\n          <!---->\n          <div class=\"h-column h-column-container d-flex h-col-lg-auto h-col-md-auto h-col-auto style-1176-outer style-local-2200-c11-outer\">\n            <div data-colibri-id=\"2200-c11\" class=\"d-flex h-flex-basis h-column__inner h-px-lg-0 h-px-md-0 h-px-0 v-inner-lg-0 v-inner-md-0 v-inner-0 style-1176 style-local-2200-c11 position-relative\">\n              <!---->\n              <!---->\n              <div class=\"w-100 h-y-container h-column__content h-column__v-align flex-basis-100 align-self-lg-start align-self-md-start align-self-start\">\n                <!---->\n                <div data-colibri-id=\"2200-c12\" class=\"h-text h-text-component style-1179 style-local-2200-c12 position-relative h-element\">\n                  <!---->\n                  <!---->\n                  <div class=\"\">\n                    <p>I work with stones from nature, that were initiated to me for the                                                                        shamanic healing sessions according to the tradition of the Queros, Natives of Peru.\n                      <br>\n                    <\/p>\n                    <p>In addition, I invite guidance from the spirits to build up a healing space for you, which also leads me to your and my highest good through this healing session.<\/p>\n                    <p>Wir beginnen einleitend mit einem Gespr\u00e4ch am Telefon, \u00fcber WhatsApp oder Skype o.\u00e4.&nbsp;<\/p>\n                    <p>F\u00fcr die Fernheilung lege ich die Steine in einem Kreis aus wie eine Uhr.\n                      <br>Du nennst mir intuitiv eine Zahl zwischen 1 und 12, dieser Stein wird dann mit Dir arbeiten.<\/p>\n                    <p>Wir sprechen \u00fcber die Blockade und deren Emotionen die das Leben gerade schwer macht.<\/p>\n                    <p>Durch die F\u00fchrung der Geistf\u00fchrer geleite ich Dich an die Wurzel der Blockade wo Heilung gebraucht wird.<\/p>\n                    <p>Du pustest die Emotionen die dazu hochkommen immer drei mal in den Stein, den ich an den Lautsprecher halte damit er es aufnehmen kann.<\/p>\n                    <p>Nach dem Gespr\u00e4ch legst Du Dich entspannt hin und deckst Dich zu.<\/p>\n                    <p>Ich werde Deine Energiek\u00f6rper dann zu mir rufen.\n                      <br>Den von Dir ausgew\u00e4hlten Stein lege ich dann auf das Chakra, was dazu aktiv ist.\n                      <br>It works on your aura in connection with the guidance of the spirits to lead the healing session.<\/p>\n                    <p>Just open up and relax into this healing field, allow it and let it happen.<\/p>\n                  <\/div>\n                <\/div>\n              <\/div>\n            <\/div>\n          <\/div>\n          <div class=\"h-column h-column-container d-flex h-col-lg-auto h-col-md-auto h-col-auto style-1180-outer style-local-2200-c13-outer\">\n            <div data-colibri-id=\"2200-c13\" class=\"d-flex h-flex-basis h-column__inner h-px-lg-2 h-px-md-2 h-px-2 v-inner-lg-2 v-inner-md-2 v-inner-2 style-1180 style-local-2200-c13 position-relative\">\n              <!---->\n              <!---->\n              <div class=\"w-100 h-y-container h-column__content h-column__v-align flex-basis-100 align-self-lg-start align-self-md-start align-self-start\">\n                <!---->\n                <div data-colibri-id=\"2200-c14\" class=\"h-text h-text-component style-1181 style-local-2200-c14 position-relative h-element\">\n                  <!---->\n                  <!---->\n                  <div class=\"\">\n                    <p>\n                      <br>\n                    <\/p>\n                    <p>\n                      <br>\n                    <\/p>\n                    <p>As the energy flows and the soul allows it, it can be the time for a soul retrieval.<\/p>\n                    <p>\n                      <br>\n                    <\/p>\n                    <p>\n                      <br>\n                    <\/p>\n                    <p>This is part of the soul that wants to come back, reintegrate and be lived again.<\/p>\n                    <p>\n                      <br>\n                    <\/p>\n                    <p>Through traumatic experiences, that often have their roots in previous lives and are stored in our aura, we split off parts of the soul.<\/p>\n                    <p>\n                      <br>\n                    <\/p>\n                    <p>Werden diese Erfahrungen nicht aus den Energiek\u00f6rpern herausgereinigt, so f\u00fchlen wir uns wie gefangen, scheinen st\u00e4ndig dieselben \u201eGeschichten\u201c zu wiederholen und drehen uns wie im Kreis, wenn es sich oft auch immer wieder in anderen\n                      Facetten zeigt.<\/p>\n                    <p>\n                      <br>\n                    <\/p>\n                    <p>It is the soul that decides when it is ready to let go of these \u2018stories\u2018 and                                                                     to reintegrate and live the parts again which have been split off.<\/p>\n                  <\/div>\n                <\/div>\n              <\/div>\n            <\/div>\n          <\/div>\n        <\/div>\n      <\/div>\n    <\/div>\n  <\/div>\n  <div data-colibri-component=\"section\" data-colibri-id=\"2200-c15\" id=\"about-2\" class=\"h-section h-section-global-spacing d-flex align-items-lg-center align-items-md-center align-items-center style-1182 style-local-2200-c15 position-relative\">\n    <!---->\n    <!---->\n    <div class=\"h-section-grid-container h-section-boxed-container\">\n      <!---->\n      <div data-colibri-id=\"2200-c16\" class=\"h-row-container gutters-row-lg-0 gutters-row-md-0 gutters-row-0 gutters-row-v-lg-0 gutters-row-v-md-0 gutters-row-v-0 style-1183 style-local-2200-c16 position-relative\">\n        <!---->\n        <div class=\"h-row justify-content-lg-center justify-content-md-center justify-content-center align-items-lg-stretch align-items-md-stretch align-items-stretch gutters-col-lg-0 gutters-col-md-0 gutters-col-0 gutters-col-v-lg-0 gutters-col-v-md-0 gutters-col-v-0\">\n          <!---->\n          <div class=\"h-column h-column-container d-flex h-col-lg-auto h-col-md-auto h-col-auto style-1184-outer style-local-2200-c17-outer\">\n            <div data-colibri-id=\"2200-c17\" class=\"d-flex h-flex-basis h-column__inner h-px-lg-0 h-px-md-0 h-px-0 v-inner-lg-0 v-inner-md-0 v-inner-0 style-1184 style-local-2200-c17 position-relative\">\n              <!---->\n              <!---->\n              <div class=\"w-100 h-y-container h-column__content h-column__v-align flex-basis-100 align-self-lg-start align-self-md-start align-self-start\">\n                <!---->\n                <div data-colibri-id=\"2200-c18\" class=\"h-text h-text-component style-1187 style-local-2200-c18 position-relative h-element\">\n                  <!---->\n                  <!---->\n                  <div class=\"\">\n                    <p>So I will travel for you, guided by the spirits, to the underworld, to show me your story of the blockade. I will cleanse it out of your system and send it into the light.<\/p>\n                    <p>I am allowed to have a look in your books of life and delete the contracts from this blockade. According to the message of the spirits, I will write it new into your books of life.<\/p>\n                    <p>Zu dem Seelenanteil den ich f\u00fcr Dich aus der Unterwelt mitbringen darf, gibt es ein Geschenk und ein Krafttier dazu.<\/p>\n                    <p>Das sind zwei Energien die Dir dabei helfen werden den Seelenanteil zu integrieren.\n                      <br>The energies of the power animal and the gift, as well as the soul part, I will blow into your system and anchor them.\n                      <br>\n                    <\/p>\n                    <p>Nach der Heilsitzung schicke ich Deine Energiek\u00f6rper wieder zur\u00fcck und rufe Dich danach an.\n                      <br>\n                    <\/p>\n                    <p>Wir sprechen dann \u00fcber den Verlauf und wie Du die neue Energie ins Leben integrieren kannst.\n                      <br>\n                    <\/p>\n                    <p>This session has an aligning effect in the aura and the physical body and it lets the energy flow again.<\/p>\n                  <\/div>\n                <\/div>\n              <\/div>\n            <\/div>\n          <\/div>\n        <\/div>\n      <\/div>\n    <\/div>\n  <\/div>\n  <div data-colibri-component=\"section\" data-colibri-id=\"2200-c19\" id=\"about-3\" class=\"h-section h-section-global-spacing d-flex align-items-lg-center align-items-md-center align-items-center style-1189 style-local-2200-c19 position-relative\">\n    <!---->\n    <!---->\n    <div class=\"h-section-grid-container h-section-boxed-container\">\n      <!---->\n      <div data-colibri-id=\"2200-c20\" class=\"h-row-container gutters-row-lg-0 gutters-row-md-0 gutters-row-0 gutters-row-v-lg-0 gutters-row-v-md-0 gutters-row-v-0 style-1190 style-local-2200-c20 position-relative\">\n        <!---->\n        <div class=\"h-row justify-content-lg-center justify-content-md-center justify-content-center align-items-lg-stretch align-items-md-stretch align-items-stretch gutters-col-lg-0 gutters-col-md-0 gutters-col-0 gutters-col-v-lg-0 gutters-col-v-md-0 gutters-col-v-0\">\n          <!---->\n          <div class=\"h-column h-column-container d-flex h-col-lg-auto h-col-md-auto h-col-auto style-1191-outer style-local-2200-c21-outer\">\n            <div data-colibri-id=\"2200-c21\" class=\"d-flex h-flex-basis h-column__inner h-px-lg-0 h-px-md-0 h-px-0 v-inner-lg-0 v-inner-md-0 v-inner-0 style-1191 style-local-2200-c21 position-relative\">\n              <!---->\n              <!---->\n              <div class=\"w-100 h-y-container h-column__content h-column__v-align flex-basis-100 align-self-lg-start align-self-md-start align-self-start\">\n                <!---->\n                <div data-colibri-id=\"2200-c22\" class=\"h-text h-text-component style-1194 style-local-2200-c22 position-relative h-element\">\n                  <!---->\n                  <!---->\n                  <div class=\"\">\n                    <p>Energieausgleich:&nbsp;&nbsp;120 Euro\n                      <br>Dauer:&nbsp;&nbsp;1,5 &#8211; 2 Stunden<\/p>\n                  <\/div>\n                <\/div>\n              <\/div>\n            <\/div>\n          <\/div>\n        <\/div>\n      <\/div>\n    <\/div>\n  <\/div>\n<\/div>","protected":false},"excerpt":{"rendered":"<p>Seelenr\u00fcckholung als Fernheilung Ich arbeite mit Steinen aus der Natur, die mit mir f\u00fcr die schamanischen Heilsitzungen nach der Tradition der Queros, Natives aus Peru eingeweiht wurden. Dazu lade ich die Geistf\u00fchrer ein, f\u00fcr Dich ein Heilungsfeld aufzubauen, was auch mich zu Deinem und meinem h\u00f6chsten Wohle durch diese Heilsitzung f\u00fchrt. Wir beginnen einleitend mit [&hellip;]<\/p>","protected":false},"author":1,"featured_media":0,"parent":0,"menu_order":0,"comment_status":"closed","ping_status":"closed","template":"page-templates\/full-width-page.php","meta":[],"_links":{"self":[{"href":"https:\/\/sein-in-natuerlicher-ordnung.de\/en\/wp-json\/wp\/v2\/pages\/2200"}],"collection":[{"href":"https:\/\/sein-in-natuerlicher-ordnung.de\/en\/wp-json\/wp\/v2\/pages"}],"about":[{"href":"https:\/\/sein-in-natuerlicher-ordnung.de\/en\/wp-json\/wp\/v2\/types\/page"}],"author":[{"embeddable":true,"href":"https:\/\/sein-in-natuerlicher-ordnung.de\/en\/wp-json\/wp\/v2\/users\/1"}],"replies":[{"embeddable":true,"href":"https:\/\/sein-in-natuerlicher-ordnung.de\/en\/wp-json\/wp\/v2\/comments?post=2200"}],"version-history":[{"count":16,"href":"https:\/\/sein-in-natuerlicher-ordnung.de\/en\/wp-json\/wp\/v2\/pages\/2200\/revisions"}],"predecessor-version":[{"id":3081,"href":"https:\/\/sein-in-natuerlicher-ordnung.de\/en\/wp-json\/wp\/v2\/pages\/2200\/revisions\/3081"}],"wp:attachment":[{"href":"https:\/\/sein-in-natuerlicher-ordnung.de\/en\/wp-json\/wp\/v2\/media?parent=2200"}],"curies":[{"name":"wp","href":"https:\/\/api.w.org\/{rel}","templated":true}]}}