{"id":185,"date":"2022-05-02T13:52:48","date_gmt":"2022-05-02T11:52:48","guid":{"rendered":"https:\/\/sein-in-natuerlicher-ordnung.de\/?page_id=185"},"modified":"2023-12-11T19:48:19","modified_gmt":"2023-12-11T17:48:19","slug":"feuerzeremonie","status":"publish","type":"page","link":"https:\/\/sein-in-natuerlicher-ordnung.de\/en\/feuerzeremonie\/","title":{"rendered":"Indian fire ceremony"},"content":{"rendered":"<div data-colibri-id=\"185-c1\" class=\"style-466 style-local-185-c1 position-relative\">\n  <!---->\n  <div data-colibri-component=\"section\" data-colibri-id=\"185-c2\" id=\"blank\" class=\"h-section h-section-global-spacing d-flex align-items-lg-center align-items-md-center align-items-center style-871 style-local-185-c2 position-relative\">\n    <!---->\n    <!---->\n    <div class=\"h-section-grid-container h-section-boxed-container\">\n      <!---->\n      <div data-colibri-id=\"185-c3\" class=\"h-row-container gutters-row-lg-2 gutters-row-md-2 gutters-row-0 gutters-row-v-lg-2 gutters-row-v-md-2 gutters-row-v-2 style-872 style-local-185-c3 position-relative\">\n        <!---->\n        <div class=\"h-row justify-content-lg-center justify-content-md-center justify-content-center align-items-lg-stretch align-items-md-stretch align-items-stretch gutters-col-lg-2 gutters-col-md-2 gutters-col-0 gutters-col-v-lg-2 gutters-col-v-md-2 gutters-col-v-2\">\n          <!---->\n          <div class=\"h-column h-column-container d-flex h-col-lg-auto h-col-md-auto h-col-auto style-873-outer style-local-185-c4-outer\">\n            <div data-colibri-id=\"185-c4\" class=\"d-flex h-flex-basis h-column__inner h-ui-empty-state-container h-px-lg-2 h-px-md-2 h-px-2 v-inner-lg-2 v-inner-md-2 v-inner-2 style-873 style-local-185-c4 position-relative\">\n              <!---->\n              <!---->\n              <div class=\"w-100 h-y-container h-column__content h-column__v-align flex-basis-100\">\n                <!---->\n              <\/div>\n            <\/div>\n          <\/div>\n          <div class=\"h-column h-column-container d-flex h-col-lg-auto h-col-md-auto h-col-auto style-874-outer style-local-185-c5-outer\">\n            <div data-colibri-id=\"185-c5\" class=\"d-flex h-flex-basis h-column__inner h-ui-empty-state-container h-px-lg-2 h-px-md-2 h-px-2 v-inner-lg-2 v-inner-md-2 v-inner-2 style-874 style-local-185-c5 position-relative\">\n              <!---->\n              <!---->\n              <div class=\"w-100 h-y-container h-column__content h-column__v-align flex-basis-100\">\n                <!---->\n              <\/div>\n            <\/div>\n          <\/div>\n        <\/div>\n      <\/div>\n    <\/div>\n  <\/div>\n  <div data-colibri-component=\"section\" data-colibri-id=\"185-c10\" id=\"initial-content\" class=\"h-section h-section-global-spacing d-flex align-items-lg-center align-items-md-center align-items-center style-467 style-local-185-c10 position-relative\">\n    <!---->\n    <!---->\n    <div class=\"h-section-grid-container h-section-boxed-container\">\n      <!---->\n      <div data-colibri-id=\"185-c11\" class=\"h-row-container gutters-row-lg-2 gutters-row-md-2 gutters-row-0 gutters-row-v-lg-2 gutters-row-v-md-2 gutters-row-v-2 style-471 style-local-185-c11 position-relative\">\n        <!---->\n        <div class=\"h-row justify-content-lg-center justify-content-md-center justify-content-center align-items-lg-stretch align-items-md-stretch align-items-stretch gutters-col-lg-2 gutters-col-md-2 gutters-col-0 gutters-col-v-lg-2 gutters-col-v-md-2 gutters-col-v-2\">\n          <!---->\n          <div class=\"h-column h-column-container d-flex h-col-lg-auto h-col-md-auto h-col-auto style-472-outer style-local-185-c12-outer\">\n            <div data-colibri-id=\"185-c12\" class=\"d-flex h-flex-basis h-column__inner h-px-lg-2 h-px-md-2 h-px-2 v-inner-lg-2 v-inner-md-2 v-inner-2 style-472 style-local-185-c12 position-relative\">\n              <!---->\n              <!---->\n              <div class=\"w-100 h-y-container h-column__content h-column__v-align flex-basis-100 align-self-lg-start align-self-md-start align-self-start\">\n                <!---->\n                <div data-colibri-id=\"185-c13\" class=\"h-global-transition-all h-heading style-473 style-local-185-c13 position-relative h-element\">\n                  <!---->\n                  <div class=\"h-heading__outer style-473 style-local-185-c13\">\n                    <!---->\n                    <!---->\n                    <h1 class=\"\">&nbsp; &nbsp;Ahnen Feuerzeremonie<\/h1>\n                  <\/div>\n                <\/div>\n                <div data-colibri-id=\"185-c14\" class=\"h-global-transition-all h-heading style-536 style-local-185-c14 position-relative h-element\">\n                  <!---->\n                  <div class=\"h-heading__outer style-536 style-local-185-c14\">\n                    <!---->\n                    <!---->\n                    <h2 class=\"\">&nbsp;&nbsp;&nbsp;&nbsp;Tanz des Lebens mit den Elementen\n                      <br>\n                      <br>nach der Tradition der Queros,\n                      <br>Natives aus Peru<\/h2>\n                  <\/div>\n                <\/div>\n              <\/div>\n            <\/div>\n          <\/div>\n        <\/div>\n      <\/div>\n    <\/div>\n  <\/div>\n  <div data-colibri-component=\"section\" data-colibri-id=\"185-c15\" id=\"about\" class=\"h-section h-section-global-spacing d-flex align-items-lg-center align-items-md-center align-items-center style-537 style-local-185-c15 position-relative\">\n    <!---->\n    <!---->\n    <div class=\"h-section-grid-container h-section-boxed-container\">\n      <!---->\n      <div data-colibri-id=\"185-c16\" class=\"h-row-container gutters-row-lg-0 gutters-row-md-0 gutters-row-0 gutters-row-v-lg-0 gutters-row-v-md-0 gutters-row-v-0 style-538 style-local-185-c16 position-relative\">\n        <!---->\n        <div class=\"h-row justify-content-lg-center justify-content-md-center justify-content-center align-items-lg-stretch align-items-md-stretch align-items-stretch gutters-col-lg-0 gutters-col-md-0 gutters-col-0 gutters-col-v-lg-0 gutters-col-v-md-0 gutters-col-v-0\">\n          <!---->\n          <div class=\"h-column h-column-container d-flex h-col-lg-auto h-col-md-auto h-col-auto style-539-outer style-local-185-c17-outer\">\n            <div data-colibri-id=\"185-c17\" class=\"d-flex h-flex-basis h-column__inner h-px-lg-0 h-px-md-0 h-px-0 v-inner-lg-0 v-inner-md-0 v-inner-0 style-539 style-local-185-c17 position-relative\">\n              <!---->\n              <!---->\n              <div class=\"w-100 h-y-container h-column__content h-column__v-align flex-basis-100 align-self-lg-start align-self-md-start align-self-start\">\n                <!---->\n                <div data-colibri-id=\"185-c18\" class=\"h-text h-text-component style-542 style-local-185-c18 position-relative h-element\">\n                  <!---->\n                  <!---->\n                  <div class=\"\">\n                    <p>Eine Heilungszeremonie wo wir als Gruppe und Jeder f\u00fcr sich, in das Heilungsfeld der Queros, gehalten von der geistigen Welt und den Elementen der Sch\u00f6pfung der Natur, eintauchen d\u00fcrfen.\n                      <br>\n                    <\/p>\n                    <p>Wir werden eingeladen Blockaden die uns gerade das Leben schwer machen loszulassen und dem Feuer zu \u00fcbergeben und zu bitten das Licht in uns zu st\u00e4rken.<\/p>\n                    <p>Auch werden wir dazu eingeladen gemeinsam f\u00fcr unsere Mutter Erde zu beten.<\/p>\n                    <p>In dieser Zeremonie bitten wir unsere weiblichen und\n                      <br> m\u00e4nnlichen Ahnen zu uns an das Feuer um ihnen zu danken,\n                      <br> sich mit uns zu n\u00e4hren und Heilung zu erfahren.\n                      <br> Es wird uns und unsere Ahnen in den Frieden und zur Ruhe kommen lassen,\n                      <br> was in das Kollektiv ausgesendet wird und den Frieden manifestiert.<\/p>\n                    <p>Wir werden gemeinsam die geistige Welt einladen und um ein Heilungsfeld f\u00fcr diese Zeremonie bitten, uns mit dem Herzschlag der Mutter Erde wieder zu verbinden.<\/p>\n                    <p>Dies geschieht immer in Verbindung mit der aktuellen Zeitqualit\u00e4t und den derzeitigen Evolutionsenergien.<\/p>\n                    <p>Sei willkommen Dich auf die Magie des Lebens einzulassen, die Einheit in Dir und mit den Elementen zu sp\u00fcren und gemeinsam mit den Naturwesen am Feuer das Leben zu feiern.<\/p>\n                    <p>\n                      <br>\n                    <\/p>\n                    <p>Bitte bringe eine Gabe mit als Dank f\u00fcr das Wesen des Feuers.\n                      <br>Bringe, wenn Du hast, Instrumente wie Trommel, Rassel oder Schellenkranz mit.<strong><br>&nbsp;&nbsp;&nbsp;&nbsp;&nbsp;&nbsp;&nbsp;&nbsp;&nbsp;&nbsp;&nbsp;&nbsp;&nbsp;&nbsp;&nbsp;&nbsp;&nbsp;&nbsp;&nbsp;&nbsp;&nbsp;&nbsp;&nbsp;&nbsp;&nbsp;&nbsp;&nbsp;&nbsp;&nbsp;<br> <br> <\/strong><\/p>\n                  <\/div>\n                <\/div>\n              <\/div>\n            <\/div>\n          <\/div>\n        <\/div>\n      <\/div>\n    <\/div>\n  <\/div>\n  <div data-colibri-component=\"section\" data-colibri-id=\"185-c19\" id=\"about-2\" class=\"h-section h-section-global-spacing d-flex align-items-lg-center align-items-md-center align-items-center style-545 style-local-185-c19 position-relative\">\n    <!---->\n    <!---->\n    <div class=\"h-section-grid-container h-section-boxed-container\">\n      <!---->\n      <div data-colibri-id=\"185-c20\" class=\"h-row-container gutters-row-lg-0 gutters-row-md-0 gutters-row-0 gutters-row-v-lg-0 gutters-row-v-md-0 gutters-row-v-0 style-546 style-local-185-c20 position-relative\">\n        <!---->\n        <div class=\"h-row justify-content-lg-center justify-content-md-center justify-content-center align-items-lg-stretch align-items-md-stretch align-items-stretch gutters-col-lg-0 gutters-col-md-0 gutters-col-0 gutters-col-v-lg-0 gutters-col-v-md-0 gutters-col-v-0\">\n          <!---->\n          <div class=\"h-column h-column-container d-flex h-col-lg-auto h-col-md-auto h-col-auto style-547-outer style-local-185-c21-outer\">\n            <div data-colibri-id=\"185-c21\" class=\"d-flex h-flex-basis h-column__inner h-px-lg-0 h-px-md-0 h-px-0 v-inner-lg-0 v-inner-md-0 v-inner-0 style-547 style-local-185-c21 position-relative\">\n              <!---->\n              <!---->\n              <div class=\"w-100 h-y-container h-column__content h-column__v-align flex-basis-100 align-self-lg-start align-self-md-start align-self-start\">\n                <!---->\n                <div data-colibri-id=\"185-c22\" class=\"h-text h-text-component style-1118 style-local-185-c22 position-relative h-element\">\n                  <!---->\n                  <!---->\n                  <div class=\"\">\n                    <p>&nbsp;&nbsp;Energieausgleich :&nbsp;&nbsp;25 Euro<\/p>\n                  <\/div>\n                <\/div>\n              <\/div>\n            <\/div>\n          <\/div>\n        <\/div>\n      <\/div>\n    <\/div>\n  <\/div>\n<\/div>","protected":false},"excerpt":{"rendered":"<p>&nbsp; &nbsp;Ahnen Feuerzeremonie &nbsp;&nbsp;&nbsp;&nbsp;Tanz des Lebens mit den Elementen nach der Tradition der Queros, Natives aus Peru Eine Heilungszeremonie wo wir als Gruppe und Jeder f\u00fcr sich, in das Heilungsfeld der Queros, gehalten von der geistigen Welt und den Elementen der Sch\u00f6pfung der Natur, eintauchen d\u00fcrfen. Wir werden eingeladen Blockaden die uns gerade das Leben [&hellip;]<\/p>","protected":false},"author":1,"featured_media":0,"parent":0,"menu_order":0,"comment_status":"closed","ping_status":"closed","template":"page-templates\/full-width-page.php","meta":[],"_links":{"self":[{"href":"https:\/\/sein-in-natuerlicher-ordnung.de\/en\/wp-json\/wp\/v2\/pages\/185"}],"collection":[{"href":"https:\/\/sein-in-natuerlicher-ordnung.de\/en\/wp-json\/wp\/v2\/pages"}],"about":[{"href":"https:\/\/sein-in-natuerlicher-ordnung.de\/en\/wp-json\/wp\/v2\/types\/page"}],"author":[{"embeddable":true,"href":"https:\/\/sein-in-natuerlicher-ordnung.de\/en\/wp-json\/wp\/v2\/users\/1"}],"replies":[{"embeddable":true,"href":"https:\/\/sein-in-natuerlicher-ordnung.de\/en\/wp-json\/wp\/v2\/comments?post=185"}],"version-history":[{"count":20,"href":"https:\/\/sein-in-natuerlicher-ordnung.de\/en\/wp-json\/wp\/v2\/pages\/185\/revisions"}],"predecessor-version":[{"id":3161,"href":"https:\/\/sein-in-natuerlicher-ordnung.de\/en\/wp-json\/wp\/v2\/pages\/185\/revisions\/3161"}],"wp:attachment":[{"href":"https:\/\/sein-in-natuerlicher-ordnung.de\/en\/wp-json\/wp\/v2\/media?parent=185"}],"curies":[{"name":"wp","href":"https:\/\/api.w.org\/{rel}","templated":true}]}}