{"id":183,"date":"2022-05-02T13:51:05","date_gmt":"2022-05-02T11:51:05","guid":{"rendered":"https:\/\/sein-in-natuerlicher-ordnung.de\/?page_id=183"},"modified":"2024-03-14T12:35:49","modified_gmt":"2024-03-14T10:35:49","slug":"despacho","status":"publish","type":"page","link":"https:\/\/sein-in-natuerlicher-ordnung.de\/en\/despacho\/","title":{"rendered":"Despacho"},"content":{"rendered":"<div data-colibri-id=\"183-c1\" class=\"style-272 style-local-183-c1 position-relative\">\n  <!---->\n  <div data-colibri-component=\"section\" data-colibri-id=\"183-c2\" id=\"blank\" class=\"h-section h-section-global-spacing d-flex align-items-lg-center align-items-md-center align-items-center style-879 style-local-183-c2 position-relative\">\n    <!---->\n    <!---->\n    <div class=\"h-section-grid-container h-section-boxed-container\">\n      <!---->\n      <div data-colibri-id=\"183-c3\" class=\"h-row-container gutters-row-lg-2 gutters-row-md-2 gutters-row-0 gutters-row-v-lg-2 gutters-row-v-md-2 gutters-row-v-2 style-880 style-local-183-c3 position-relative\">\n        <!---->\n        <div class=\"h-row justify-content-lg-center justify-content-md-center justify-content-center align-items-lg-stretch align-items-md-stretch align-items-stretch gutters-col-lg-2 gutters-col-md-2 gutters-col-0 gutters-col-v-lg-2 gutters-col-v-md-2 gutters-col-v-2\">\n          <!---->\n          <div class=\"h-column h-column-container d-flex h-col-lg-auto h-col-md-auto h-col-auto style-881-outer style-local-183-c4-outer\">\n            <div data-colibri-id=\"183-c4\" class=\"d-flex h-flex-basis h-column__inner h-ui-empty-state-container h-px-lg-2 h-px-md-2 h-px-2 v-inner-lg-2 v-inner-md-2 v-inner-2 style-881 style-local-183-c4 position-relative\">\n              <!---->\n              <!---->\n              <div class=\"w-100 h-y-container h-column__content h-column__v-align flex-basis-100\">\n                <!---->\n              <\/div>\n            <\/div>\n          <\/div>\n          <div class=\"h-column h-column-container d-flex h-col-lg-auto h-col-md-auto h-col-auto style-882-outer style-local-183-c5-outer\">\n            <div data-colibri-id=\"183-c5\" class=\"d-flex h-flex-basis h-column__inner h-ui-empty-state-container h-px-lg-2 h-px-md-2 h-px-2 v-inner-lg-2 v-inner-md-2 v-inner-2 style-882 style-local-183-c5 position-relative\">\n              <!---->\n              <!---->\n              <div class=\"w-100 h-y-container h-column__content h-column__v-align flex-basis-100\">\n                <!---->\n              <\/div>\n            <\/div>\n          <\/div>\n        <\/div>\n      <\/div>\n    <\/div>\n  <\/div>\n  <div data-colibri-component=\"section\" data-colibri-id=\"183-c10\" id=\"about\" class=\"h-section h-section-global-spacing d-flex align-items-lg-center align-items-md-center align-items-center style-281 style-local-183-c10 position-relative\">\n    <!---->\n    <!---->\n    <div class=\"h-section-grid-container h-section-boxed-container\">\n      <!---->\n      <div data-colibri-id=\"183-c11\" class=\"h-row-container gutters-row-lg-2 gutters-row-md-2 gutters-row-0 gutters-row-v-lg-2 gutters-row-v-md-2 gutters-row-v-2 style-474 style-local-183-c11 position-relative\">\n        <!---->\n        <div class=\"h-row justify-content-lg-center justify-content-md-center justify-content-center align-items-lg-stretch align-items-md-stretch align-items-stretch gutters-col-lg-2 gutters-col-md-2 gutters-col-0 gutters-col-v-lg-2 gutters-col-v-md-2 gutters-col-v-2\">\n          <!---->\n          <div class=\"h-column h-column-container d-flex h-col-lg-auto h-col-md-auto h-col-auto style-475-outer style-local-183-c12-outer\">\n            <div data-colibri-id=\"183-c12\" class=\"d-flex h-flex-basis h-column__inner h-px-lg-2 h-px-md-2 h-px-2 v-inner-lg-2 v-inner-md-2 v-inner-2 style-475 style-local-183-c12 position-relative\">\n              <!---->\n              <!---->\n              <div class=\"w-100 h-y-container h-column__content h-column__v-align flex-basis-100 align-self-lg-start align-self-md-start align-self-start\">\n                <!---->\n                <div data-colibri-id=\"183-c13\" class=\"h-global-transition-all h-heading style-476 style-local-183-c13 position-relative h-element\">\n                  <!---->\n                  <div class=\"h-heading__outer style-476 style-local-183-c13\">\n                    <!---->\n                    <!---->\n                    <h1 class=\"\">Despacho<\/h1>\n                  <\/div>\n                <\/div>\n              <\/div>\n            <\/div>\n          <\/div>\n        <\/div>\n      <\/div>\n      <div data-colibri-id=\"183-c14\" class=\"h-row-container gutters-row-lg-0 gutters-row-md-0 gutters-row-0 gutters-row-v-lg-0 gutters-row-v-md-0 gutters-row-v-0 style-282 style-local-183-c14 position-relative\">\n        <!---->\n        <div class=\"h-row justify-content-lg-center justify-content-md-center justify-content-center align-items-lg-stretch align-items-md-stretch align-items-stretch gutters-col-lg-0 gutters-col-md-0 gutters-col-0 gutters-col-v-lg-0 gutters-col-v-md-0 gutters-col-v-0\">\n          <!---->\n          <div class=\"h-column h-column-container d-flex h-col-lg-auto h-col-md-auto h-col-auto style-283-outer style-local-183-c15-outer\">\n            <div data-colibri-id=\"183-c15\" class=\"d-flex h-flex-basis h-column__inner h-px-lg-0 h-px-md-0 h-px-0 v-inner-lg-0 v-inner-md-0 v-inner-0 style-283 style-local-183-c15 position-relative\">\n              <!---->\n              <!---->\n              <div class=\"w-100 h-y-container h-column__content h-column__v-align flex-basis-100 align-self-lg-start align-self-md-start align-self-start\">\n                <!---->\n                <div data-colibri-id=\"183-c16\" class=\"h-text h-text-component style-286 style-local-183-c16 position-relative h-element\">\n                  <!---->\n                  <!---->\n                  <div class=\"\">\n                    <p>Eine Heilzeremonie f\u00fcr Mutter Erde und alle ihre Lebewesen nach der Tradition der Queros, Natives aus Peru. <\/p>\n                    <p>Es geht darum Mutter Erde zu danken, sie bewusst zu w\u00fcrdigen, ihr unsere aufrichtige Liebe und Achtung zu schenken was sie uns tagt\u00e4glich gibt f\u00fcr unser Leben um uns zu n\u00e4hren. <\/p>\n                    <p>Damit heilen wir uns, wieder in Einklang zu kommen mit unserer Mutter Erde. <\/p>\n                    <p>Wir \u201emalen\u201c zusammen mit ihren Gaben an uns (wie Haferflocken, Erbsen, Linsen, Reis&#8230;) ein Gebet auf die Erde. <\/p>\n                    <p>Der Kreis in dieser Zeremonie symbolisiert das Weibliche, das darinliegende Kreuz das M\u00e4nnliche. <\/p>\n                    <p>Das Despacho wird meditativ als Dankesgabe an Mutter Erde gegeben. <\/p>\n                    <p>Diese Zeremonie schafft g\u00f6ttliche Ordnung in unserer Beziehung zu uns selbst und unserer Mutter Erde. <\/p>\n                    <p>In uns Frauen darf die Heilung der Weiblichkeit und die Beziehung zu unserer K\u00f6rperin geschehen. <\/p>\n                    <p>Auch sind wir eingeladen nach der Zeremonie f\u00fcr unsere Mutter Erde Mantren zu singen oder einfach in Stille zu sein.<\/p>\n                  <\/div>\n                <\/div>\n              <\/div>\n            <\/div>\n          <\/div>\n          <div class=\"h-column h-column-container d-flex h-col-lg-auto h-col-md-auto h-col-auto style-287-outer style-local-183-c17-outer\">\n            <div data-colibri-id=\"183-c17\" class=\"d-flex h-flex-basis h-column__inner h-px-lg-2 h-px-md-2 h-px-2 v-inner-lg-2 v-inner-md-2 v-inner-2 style-287 style-local-183-c17 position-relative\">\n              <!---->\n              <!---->\n              <div class=\"w-100 h-y-container h-column__content h-column__v-align flex-basis-100 align-self-lg-center align-self-md-center align-self-center\">\n                <!---->\n                <div data-colibri-id=\"183-c18\" class=\"h-text h-text-component style-288 style-local-183-c18 position-relative h-element\">\n                  <!---->\n                  <!---->\n                  <div class=\"\">\n                    <p>Ein Despacho darf ausserdem wirken:<\/p>\n                    <p>\n                      <br>\n                    <\/p>\n                    <p>\u2022 Bei Wandlung und Ver\u00e4nderung im pers\u00f6nlichen Bereich: Lebensabschnitte die beendet sind und ein n\u00e4chster Abschnitt beginnt, z. B. zur Geburt eines Kindes.\n                      <br>Ein neuer Lebensabschnitt der Eltern und das neue Leben auf der Erde willkommen heissen und es segnen zur Geburt des Kindes.<\/p>\n                    <p>\u2022 Pl\u00e4tze, Grundst\u00fccke und H\u00e4user harmonisieren, balancieren, reinigen und loslassen von alten Energien.\n                      <br>Ein neues Projekt darf beginnen.\n                      <br>Das Projekt dort willkommen heissen und den Ort mit einem Despacho so vorbereiten.<\/p>\n                    <p>\u2022 Vergebung mit verstorbenen Menschen, die das Haus und Grundst\u00fcck zuvor bewohnt haben und dort immer noch nicht loslassen k\u00f6nnen.\n                      <br>Sie in das Licht zu begleiten, damit sie ihren Frieden finden k\u00f6nnen.\n                      <br>Somit kann das Leben f\u00fcr die Menschen die nun an diesem Ort leben sich in Frieden entfalten und gelebt werden, den Mut und die Kraft zu haben etwas Neues dort zu beginnen.<\/p>\n                    <p>\u2022 Manifestieren der W\u00fcnsche f\u00fcr ein geplantes Projekt.\n                      <br>Neuausrichtung in einem bereits vorhandenen Projekt.<\/p>\n                  <\/div>\n                <\/div>\n              <\/div>\n            <\/div>\n          <\/div>\n        <\/div>\n      <\/div>\n    <\/div>\n  <\/div>\n  <div data-colibri-component=\"section\" data-colibri-id=\"183-c19\" id=\"about-5\" class=\"h-section h-section-global-spacing d-flex align-items-lg-center align-items-md-center align-items-center style-1040 style-local-183-c19 position-relative\">\n    <!---->\n    <!---->\n    <div class=\"h-section-grid-container h-section-boxed-container\">\n      <!---->\n      <div data-colibri-id=\"183-c20\" class=\"h-row-container gutters-row-lg-0 gutters-row-md-0 gutters-row-0 gutters-row-v-lg-0 gutters-row-v-md-0 gutters-row-v-0 style-1041 style-local-183-c20 position-relative\">\n        <!---->\n        <div class=\"h-row justify-content-lg-center justify-content-md-center justify-content-center align-items-lg-stretch align-items-md-stretch align-items-stretch gutters-col-lg-0 gutters-col-md-0 gutters-col-0 gutters-col-v-lg-0 gutters-col-v-md-0 gutters-col-v-0\">\n          <!---->\n          <div class=\"h-column h-column-container d-flex h-col-lg-auto h-col-md-auto h-col-auto style-1042-outer style-local-183-c21-outer\">\n            <div data-colibri-id=\"183-c21\" class=\"d-flex h-flex-basis h-column__inner h-px-lg-0 h-px-md-0 h-px-0 v-inner-lg-0 v-inner-md-0 v-inner-0 style-1042 style-local-183-c21 position-relative\">\n              <!---->\n              <!---->\n              <div class=\"w-100 h-y-container h-column__content h-column__v-align flex-basis-100 align-self-lg-start align-self-md-start align-self-start\">\n                <!---->\n                <div data-colibri-id=\"183-c22\" class=\"h-text h-text-component style-1045 style-local-183-c22 position-relative h-element\">\n                  <!---->\n                  <!---->\n                  <div class=\"\">\n                    <p>Dieses Harmonisieren, Balancieren, Reinigen und Loslassen alter Energien mit einem Despacho ist oftmals verbunden mit einer Spirale. <\/p>\n                    <p>Das ist ein Akkupunkturpunkt, eine Lichts\u00e4ule, die somit die neue Erdenergie aus dem Herzen der Erde und die Energie aus dem Universum verbindet. <\/p>\n                    <p>Diese Lichts\u00e4ule h\u00e4lt den Raum in der g\u00f6ttlichen Ordnung, f\u00fcr das was dort gestaltet werden soll nach g\u00f6ttlichem Plan.<\/p>\n                    <p> Hilfe aus der geistigen Welt kann so \u00fcber die Lichts\u00e4ule im Projekt wirken. <\/p>\n                    <p>Die Spirale kann sichtbar sowie auch energetisch angelegt werden.<\/p>\n                  <\/div>\n                <\/div>\n              <\/div>\n            <\/div>\n          <\/div>\n        <\/div>\n      <\/div>\n    <\/div>\n  <\/div>\n  <div data-colibri-component=\"section\" data-colibri-id=\"183-c23\" id=\"about-4\" class=\"h-section h-section-global-spacing d-flex align-items-lg-center align-items-md-center align-items-center style-501 style-local-183-c23 position-relative\">\n    <!---->\n    <!---->\n    <div class=\"h-section-grid-container h-section-boxed-container\">\n      <!---->\n      <div data-colibri-id=\"183-c24\" class=\"h-row-container gutters-row-lg-0 gutters-row-md-0 gutters-row-0 gutters-row-v-lg-0 gutters-row-v-md-0 gutters-row-v-0 style-502 style-local-183-c24 position-relative\">\n        <!---->\n        <div class=\"h-row justify-content-lg-center justify-content-md-center justify-content-center align-items-lg-stretch align-items-md-stretch align-items-stretch gutters-col-lg-0 gutters-col-md-0 gutters-col-0 gutters-col-v-lg-0 gutters-col-v-md-0 gutters-col-v-0\">\n          <!---->\n          <div class=\"h-column h-column-container d-flex h-col-lg-auto h-col-md-auto h-col-auto style-503-outer style-local-183-c25-outer\">\n            <div data-colibri-id=\"183-c25\" class=\"d-flex h-flex-basis h-column__inner h-px-lg-1 h-px-md-1 h-px-1 v-inner-lg-0 v-inner-md-0 v-inner-0 style-503 style-local-183-c25 position-relative\">\n              <!---->\n              <!---->\n              <div class=\"w-100 h-y-container h-column__content h-column__v-align flex-basis-100 align-self-lg-start align-self-md-start align-self-start\">\n                <!---->\n                <div data-colibri-id=\"183-c26\" class=\"h-text h-text-component style-506 style-local-183-c26 position-relative h-element\">\n                  <!---->\n                  <!---->\n                  <div class=\"\">\n                    <p>Es ist so wichtig in uns gute Schwingungen zu gestalten,\n                      <br>die unser Licht st\u00e4rken.<\/p>\n                    <p>So k\u00f6nnen wir in Einheit mit uns und der Mutter Erde sein und die Schwingungen erh\u00f6hen, welche in das globale Feld hineinfluten und es heilt.<\/p>\n                    <p>Es ist nun so wichtig zusammenzukommen in diesem grossen Wandel auf der ganzen Welt, neue Lebensformen und ein liebevolles Miteinander zu gestalten.<\/p>\n                    <p>Wir d\u00fcrfen lernen uns nun wieder mit der Kraft und Magie der Natur\n                      <br>zu verbinden, uns wieder zu \u00f6ffnen f\u00fcr die Natur.<\/p>\n                    <p>Lasse es zu dass die Stille, die Ruhe,\n                      <br>die Heilkraft der Natur wieder in Dir wirken darf.<\/p>\n                    <p>Ruhe und Natur sind jetzt der Fokus in diesem grossen Wandel,\n                      <br>was uns zu uns selbst zur\u00fcckbringen wird.<\/p>\n                    <p>Wir d\u00fcrfen lernen nun still zu werden,\n                      <br>lernen in allem \u201erunterzufahren\u201c,\n                      <br>sich dem Einfachen und Wesentlichen wieder zu \u00f6ffnen,\n                      <br>zur\u00fcckzufinden zu Einfachheit,\n                      <br> Liebe und Wahrheit in unserem Leben.<\/p>\n                    <p>\n                      <br>\n                    <\/p>\n                    <p>Eine so grosse Chance, ein Erwachen !<\/p>\n                    <p>\n                      <br>\n                    <\/p>\n                    <p>Welch eine Zeit nun leben zu d\u00fcrfen, und ein Teil des grossen Wandels zu sein,\n                      <br>die Samen nun zu setzen f\u00fcr eine neue Erde, die unsere Kinder weiterentwickeln werden !<\/p>\n                  <\/div>\n                <\/div>\n              <\/div>\n            <\/div>\n          <\/div>\n        <\/div>\n      <\/div>\n    <\/div>\n  <\/div>\n  <div data-colibri-component=\"section\" data-colibri-id=\"183-c27\" id=\"about-2\" class=\"h-section h-section-global-spacing d-flex align-items-lg-center align-items-md-center align-items-center style-300 style-local-183-c27 position-relative\">\n    <!---->\n    <!---->\n    <div class=\"h-section-grid-container h-section-boxed-container\">\n      <!---->\n      <div data-colibri-id=\"183-c28\" class=\"h-row-container gutters-row-lg-0 gutters-row-md-0 gutters-row-0 gutters-row-v-lg-0 gutters-row-v-md-0 gutters-row-v-0 style-301 style-local-183-c28 position-relative\">\n        <!---->\n        <div class=\"h-row justify-content-lg-center justify-content-md-center justify-content-center align-items-lg-stretch align-items-md-stretch align-items-stretch gutters-col-lg-0 gutters-col-md-0 gutters-col-0 gutters-col-v-lg-0 gutters-col-v-md-0 gutters-col-v-0\">\n          <!---->\n          <div class=\"h-column h-column-container d-flex h-col-lg-auto h-col-md-auto h-col-auto style-302-outer style-local-183-c29-outer\">\n            <div data-colibri-id=\"183-c29\" class=\"d-flex h-flex-basis h-column__inner h-px-lg-0 h-px-md-0 h-px-0 v-inner-lg-3 v-inner-md-3 v-inner-3 style-302 style-local-183-c29 position-relative\">\n              <!---->\n              <!---->\n              <div class=\"w-100 h-y-container h-column__content h-column__v-align flex-basis-100 align-self-lg-start align-self-md-start align-self-start\">\n                <!---->\n                <div data-colibri-id=\"183-c30\" class=\"h-text h-text-component style-1113 style-local-183-c30 position-relative h-element\">\n                  <!---->\n                  <!---->\n                  <div class=\"\">\n                    <p>Despacho als Guppenzeremonie :\n                      <br>20Euro\n                      <br>Energieausgleich an Orten\n                      <br>und Pl\u00e4tzen\n                      <br>auf Anfrage, je nach Aufwand.<\/p>\n                  <\/div>\n                <\/div>\n              <\/div>\n            <\/div>\n          <\/div>\n        <\/div>\n      <\/div>\n    <\/div>\n  <\/div>\n<\/div>","protected":false},"excerpt":{"rendered":"<p>Despacho Eine Heilzeremonie f\u00fcr Mutter Erde und alle ihre Lebewesen nach der Tradition der Queros, Natives aus Peru. Es geht darum Mutter Erde zu danken, sie bewusst zu w\u00fcrdigen, ihr unsere aufrichtige Liebe und Achtung zu schenken was sie uns tagt\u00e4glich gibt f\u00fcr unser Leben um uns zu n\u00e4hren. Damit heilen wir uns, wieder in [&hellip;]<\/p>","protected":false},"author":1,"featured_media":0,"parent":0,"menu_order":0,"comment_status":"closed","ping_status":"closed","template":"page-templates\/full-width-page.php","meta":[],"_links":{"self":[{"href":"https:\/\/sein-in-natuerlicher-ordnung.de\/en\/wp-json\/wp\/v2\/pages\/183"}],"collection":[{"href":"https:\/\/sein-in-natuerlicher-ordnung.de\/en\/wp-json\/wp\/v2\/pages"}],"about":[{"href":"https:\/\/sein-in-natuerlicher-ordnung.de\/en\/wp-json\/wp\/v2\/types\/page"}],"author":[{"embeddable":true,"href":"https:\/\/sein-in-natuerlicher-ordnung.de\/en\/wp-json\/wp\/v2\/users\/1"}],"replies":[{"embeddable":true,"href":"https:\/\/sein-in-natuerlicher-ordnung.de\/en\/wp-json\/wp\/v2\/comments?post=183"}],"version-history":[{"count":20,"href":"https:\/\/sein-in-natuerlicher-ordnung.de\/en\/wp-json\/wp\/v2\/pages\/183\/revisions"}],"predecessor-version":[{"id":3168,"href":"https:\/\/sein-in-natuerlicher-ordnung.de\/en\/wp-json\/wp\/v2\/pages\/183\/revisions\/3168"}],"wp:attachment":[{"href":"https:\/\/sein-in-natuerlicher-ordnung.de\/en\/wp-json\/wp\/v2\/media?parent=183"}],"curies":[{"name":"wp","href":"https:\/\/api.w.org\/{rel}","templated":true}]}}