{"id":181,"date":"2022-05-02T13:44:39","date_gmt":"2022-05-02T11:44:39","guid":{"rendered":"https:\/\/sein-in-natuerlicher-ordnung.de\/?page_id=181"},"modified":"2023-06-01T19:41:32","modified_gmt":"2023-06-01T17:41:32","slug":"seelenrueckholung","status":"publish","type":"page","link":"https:\/\/sein-in-natuerlicher-ordnung.de\/en\/seelenrueckholung\/","title":{"rendered":"Schamanische Heilsitzung: Seelenr\u00fcckholung"},"content":{"rendered":"<div data-colibri-id=\"181-c1\" class=\"style-458 style-local-181-c1 position-relative\">\n  <!---->\n  <div data-colibri-component=\"section\" data-colibri-id=\"181-c2\" id=\"blank\" class=\"h-section h-section-global-spacing d-flex align-items-lg-center align-items-md-center align-items-center style-855 style-local-181-c2 position-relative\">\n    <!---->\n    <!---->\n    <div class=\"h-section-grid-container h-section-boxed-container\">\n      <!---->\n      <div data-colibri-id=\"181-c3\" class=\"h-row-container gutters-row-lg-2 gutters-row-md-2 gutters-row-0 gutters-row-v-lg-2 gutters-row-v-md-2 gutters-row-v-2 style-856 style-local-181-c3 position-relative\">\n        <!---->\n        <div class=\"h-row justify-content-lg-center justify-content-md-center justify-content-center align-items-lg-stretch align-items-md-stretch align-items-stretch gutters-col-lg-2 gutters-col-md-2 gutters-col-0 gutters-col-v-lg-2 gutters-col-v-md-2 gutters-col-v-2\">\n          <!---->\n          <div class=\"h-column h-column-container d-flex h-col-lg-auto h-col-md-auto h-col-auto style-857-outer style-local-181-c4-outer\">\n            <div data-colibri-id=\"181-c4\" class=\"d-flex h-flex-basis h-column__inner h-ui-empty-state-container h-px-lg-2 h-px-md-2 h-px-2 v-inner-lg-2 v-inner-md-2 v-inner-2 style-857 style-local-181-c4 position-relative\">\n              <!---->\n              <!---->\n              <div class=\"w-100 h-y-container h-column__content h-column__v-align flex-basis-100\">\n                <!---->\n              <\/div>\n            <\/div>\n          <\/div>\n          <div class=\"h-column h-column-container d-flex h-col-lg-auto h-col-md-auto h-col-auto style-858-outer style-local-181-c5-outer\">\n            <div data-colibri-id=\"181-c5\" class=\"d-flex h-flex-basis h-column__inner h-ui-empty-state-container h-px-lg-2 h-px-md-2 h-px-2 v-inner-lg-2 v-inner-md-2 v-inner-2 style-858 style-local-181-c5 position-relative\">\n              <!---->\n              <!---->\n              <div class=\"w-100 h-y-container h-column__content h-column__v-align flex-basis-100\">\n                <!---->\n              <\/div>\n            <\/div>\n          <\/div>\n        <\/div>\n      <\/div>\n    <\/div>\n  <\/div>\n  <div data-colibri-component=\"section\" data-colibri-id=\"181-c10\" id=\"initial-content\" class=\"h-section h-section-global-spacing d-flex align-items-lg-center align-items-md-center align-items-center style-459 style-local-181-c10 position-relative\">\n    <!---->\n    <!---->\n    <div class=\"h-section-grid-container h-section-boxed-container\">\n      <!---->\n      <div data-colibri-id=\"181-c11\" class=\"h-row-container gutters-row-lg-2 gutters-row-md-2 gutters-row-0 gutters-row-v-lg-2 gutters-row-v-md-2 gutters-row-v-2 style-463 style-local-181-c11 position-relative\">\n        <!---->\n        <div class=\"h-row justify-content-lg-center justify-content-md-center justify-content-center align-items-lg-stretch align-items-md-stretch align-items-stretch gutters-col-lg-2 gutters-col-md-2 gutters-col-0 gutters-col-v-lg-2 gutters-col-v-md-2 gutters-col-v-2\">\n          <!---->\n          <div class=\"h-column h-column-container d-flex h-col-lg-auto h-col-md-auto h-col-auto style-464-outer style-local-181-c12-outer\">\n            <div data-colibri-id=\"181-c12\" class=\"d-flex h-flex-basis h-column__inner h-px-lg-2 h-px-md-2 h-px-2 v-inner-lg-2 v-inner-md-2 v-inner-2 style-464 style-local-181-c12 position-relative\">\n              <!---->\n              <!---->\n              <div class=\"w-100 h-y-container h-column__content h-column__v-align flex-basis-100 align-self-lg-start align-self-md-start align-self-start\">\n                <!---->\n                <div data-colibri-id=\"181-c13\" class=\"h-global-transition-all h-heading style-465 style-local-181-c13 position-relative h-element\">\n                  <!---->\n                  <div class=\"h-heading__outer style-465 style-local-181-c13\">\n                    <!---->\n                    <!---->\n                    <h1 class=\"\">Shamanic healings\n                      <br> Soul retrieval<\/h1>\n                  <\/div>\n                <\/div>\n              <\/div>\n            <\/div>\n          <\/div>\n        <\/div>\n      <\/div>\n    <\/div>\n  <\/div>\n  <div data-colibri-component=\"section\" data-colibri-id=\"181-c14\" id=\"about\" class=\"h-section h-section-global-spacing d-flex align-items-lg-center align-items-md-center align-items-center style-564 style-local-181-c14 position-relative\">\n    <!---->\n    <!---->\n    <div class=\"h-section-grid-container h-section-boxed-container\">\n      <!---->\n      <div data-colibri-id=\"181-c15\" class=\"h-row-container gutters-row-lg-0 gutters-row-md-0 gutters-row-0 gutters-row-v-lg-0 gutters-row-v-md-0 gutters-row-v-0 style-565 style-local-181-c15 position-relative\">\n        <!---->\n        <div class=\"h-row justify-content-lg-center justify-content-md-center justify-content-center align-items-lg-stretch align-items-md-stretch align-items-stretch gutters-col-lg-0 gutters-col-md-0 gutters-col-0 gutters-col-v-lg-0 gutters-col-v-md-0 gutters-col-v-0\">\n          <!---->\n          <div class=\"h-column h-column-container d-flex h-col-lg-auto h-col-md-auto h-col-auto style-566-outer style-local-181-c16-outer\">\n            <div data-colibri-id=\"181-c16\" class=\"d-flex h-flex-basis h-column__inner h-px-lg-0 h-px-md-0 h-px-0 v-inner-lg-0 v-inner-md-0 v-inner-0 style-566 style-local-181-c16 position-relative\">\n              <!---->\n              <!---->\n              <div class=\"w-100 h-y-container h-column__content h-column__v-align flex-basis-100 align-self-lg-start align-self-md-start align-self-start\">\n                <!---->\n                <div data-colibri-id=\"181-c17\" class=\"h-text h-text-component style-569 style-local-181-c17 position-relative h-element\">\n                  <!---->\n                  <!---->\n                  <div class=\"\">\n                    <p>I work with stones from nature, that were initiated to me for the                                                                        shamanic healing sessions according to the tradition of the Queros, Natives of Peru.&nbsp;<\/p>\n                    <p>In addition, I invite guidance from the spirits to build up a healing field for you, which also leads me to your and my highest good through this healing session.<\/p>\n                    <p>We begin with a conversation about the blockage and its emotions that are making life difficult.<\/p>\n                    <p>For this, you choose a stone with your intuition.<\/p>\n                    <p>With guidance from the spirits, I lead you to the root of the blockage where healing is needed.\n                      <br>For this you blow the emotions of the blockage into the stone.\n                      <br>Then you lay down and relax.<\/p>\n                    <p>When I place the stone on your chakra which is just activ.\n                      <br>It works on your aura in connection with the guidance of the spirits to lead the healing session.<\/p>\n                    <p>Just open up and relax into this healing field, allow it and let it happen.<\/p>\n                  <\/div>\n                <\/div>\n              <\/div>\n            <\/div>\n          <\/div>\n          <div class=\"h-column h-column-container d-flex h-col-lg-auto h-col-md-auto h-col-auto style-570-outer style-local-181-c18-outer\">\n            <div data-colibri-id=\"181-c18\" class=\"d-flex h-flex-basis h-column__inner h-px-lg-2 h-px-md-2 h-px-2 v-inner-lg-2 v-inner-md-2 v-inner-2 style-570 style-local-181-c18 position-relative\">\n              <!---->\n              <!---->\n              <div class=\"w-100 h-y-container h-column__content h-column__v-align flex-basis-100 align-self-lg-center align-self-md-center align-self-center\">\n                <!---->\n                <div data-colibri-id=\"181-c19\" class=\"h-text h-text-component style-571 style-local-181-c19 position-relative h-element\">\n                  <!---->\n                  <!---->\n                  <div class=\"\">\n                    <p>As the energy flows and the soul allows it, it can be the time for a soul retrieval.<\/p>\n                    <p> This is part of the soul that wants to come back, reintegrate and be lived again.<\/p>\n                    <p>Through traumatic experiences, that often have their roots in previous lives and are stored in our aura, we split off parts of the soul.<\/p>\n                    <p> If these experiences are not cleaned out of the aura, we feel as if we are trapped and seem to be repeating the same \u2018stories\u2019 all the time -                    like running in a circle with no way out.<\/p>\n                    <p>It is the soul that decides when it is ready to let go of these \u2018stories\u2018 and                                                                     to reintegrate and live the parts again which have been split off.<\/p>\n                  <\/div>\n                <\/div>\n              <\/div>\n            <\/div>\n          <\/div>\n        <\/div>\n      <\/div>\n    <\/div>\n  <\/div>\n  <div data-colibri-component=\"section\" data-colibri-id=\"181-c20\" id=\"about-2\" class=\"h-section h-section-global-spacing d-flex align-items-lg-center align-items-md-center align-items-center style-572 style-local-181-c20 position-relative\">\n    <!---->\n    <!---->\n    <div class=\"h-section-grid-container h-section-boxed-container\">\n      <!---->\n      <div data-colibri-id=\"181-c21\" class=\"h-row-container gutters-row-lg-0 gutters-row-md-0 gutters-row-0 gutters-row-v-lg-0 gutters-row-v-md-0 gutters-row-v-0 style-573 style-local-181-c21 position-relative\">\n        <!---->\n        <div class=\"h-row justify-content-lg-center justify-content-md-center justify-content-center align-items-lg-stretch align-items-md-stretch align-items-stretch gutters-col-lg-0 gutters-col-md-0 gutters-col-0 gutters-col-v-lg-0 gutters-col-v-md-0 gutters-col-v-0\">\n          <!---->\n          <div class=\"h-column h-column-container d-flex h-col-lg-auto h-col-md-auto h-col-auto style-574-outer style-local-181-c22-outer\">\n            <div data-colibri-id=\"181-c22\" class=\"d-flex h-flex-basis h-column__inner h-px-lg-0 h-px-md-0 h-px-0 v-inner-lg-0 v-inner-md-0 v-inner-0 style-574 style-local-181-c22 position-relative\">\n              <!---->\n              <!---->\n              <div class=\"w-100 h-y-container h-column__content h-column__v-align flex-basis-100 align-self-lg-start align-self-md-start align-self-start\">\n                <!---->\n                <div data-colibri-id=\"181-c23\" class=\"h-text h-text-component style-577 style-local-181-c23 position-relative h-element\">\n                  <!---->\n                  <!---->\n                  <div class=\"\">\n                    <p>So I will travel for you, guided by the spirits, to the underworld, to show me your story of the blockade. I will cleanse it out of your system and send it into the light.<\/p>\n                    <p> I am allowed to have a look in your books of life and delete the contracts from this blockade. According to the message of the spirits, I will write it new into your books of life.<\/p>\n                    <p>In addition to the soul part, I will catch up for you from the underworld, there is a gift and a power animal.These are two energies that will help you to integrate the soul part.<\/p>\n                    <p> The energies of the power animal and the gift, as well as the soul part, I will blow into your system and anchor them.\n                      <br>\n                    <\/p>\n                    <p>After this healing session we talk about how to integrate the new energy into life now.<\/p>\n                    <p>This session has an aligning effect in the aura and the physical body and it lets the energy flow again.<\/p>\n                    <p>\n                      <br>\n                    <\/p>\n                    <p>The Soul Retrieval is also possible to do as a long distance treatment\n                      <br>at the phone !<\/p>\n                  <\/div>\n                <\/div>\n                <div data-colibri-id=\"181-c24\" class=\"h-x-container style-1109 style-local-181-c24 position-relative h-element\">\n                  <!---->\n                  <div class=\"h-x-container-inner style-dynamic-181-c24-group style-1109-spacing style-local-181-c24-spacing\"><span class=\"h-button__outer style-1110-outer style-local-181-c25-outer d-inline-flex h-element\"><a h-use-smooth-scroll=\"true\" href=\"https:\/\/sein-in-natuerlicher-ordnung.de\/en\/schamanische-heilsitzung-seelenrueckholung-fernheilung\/\"  data-colibri-id=\"181-c25\" class=\"d-flex w-100 align-items-center h-button justify-content-lg-center justify-content-md-center justify-content-center style-1110 style-local-181-c25 position-relative\"><!----><!----> <span>read more<\/span><\/a>\n                    <\/span>\n                  <\/div>\n                <\/div>\n              <\/div>\n            <\/div>\n          <\/div>\n        <\/div>\n      <\/div>\n    <\/div>\n  <\/div>\n  <div data-colibri-component=\"section\" data-colibri-id=\"181-c26\" id=\"about-3\" class=\"h-section h-section-global-spacing d-flex align-items-lg-center align-items-md-center align-items-center style-1123 style-local-181-c26 position-relative\">\n    <!---->\n    <!---->\n    <div class=\"h-section-grid-container h-section-boxed-container\">\n      <!---->\n      <div data-colibri-id=\"181-c27\" class=\"h-row-container gutters-row-lg-0 gutters-row-md-0 gutters-row-0 gutters-row-v-lg-0 gutters-row-v-md-0 gutters-row-v-0 style-1124 style-local-181-c27 position-relative\">\n        <!---->\n        <div class=\"h-row justify-content-lg-center justify-content-md-center justify-content-center align-items-lg-stretch align-items-md-stretch align-items-stretch gutters-col-lg-0 gutters-col-md-0 gutters-col-0 gutters-col-v-lg-0 gutters-col-v-md-0 gutters-col-v-0\">\n          <!---->\n          <div class=\"h-column h-column-container d-flex h-col-lg-auto h-col-md-auto h-col-auto style-1125-outer style-local-181-c28-outer\">\n            <div data-colibri-id=\"181-c28\" class=\"d-flex h-flex-basis h-column__inner h-px-lg-0 h-px-md-0 h-px-0 v-inner-lg-0 v-inner-md-0 v-inner-0 style-1125 style-local-181-c28 position-relative\">\n              <!---->\n              <!---->\n              <div class=\"w-100 h-y-container h-column__content h-column__v-align flex-basis-100 align-self-lg-start align-self-md-start align-self-start\">\n                <!---->\n                <div data-colibri-id=\"181-c29\" class=\"h-text h-text-component style-1128 style-local-181-c29 position-relative h-element\">\n                  <!---->\n                  <!---->\n                  <div class=\"\">\n                    <p>Energieausgleich:&nbsp;&nbsp;120 Euro\n                      <br>Dauer:&nbsp;&nbsp;1,5 &#8211; 2 Stunden<\/p>\n                  <\/div>\n                <\/div>\n              <\/div>\n            <\/div>\n          <\/div>\n        <\/div>\n      <\/div>\n    <\/div>\n  <\/div>\n<\/div>","protected":false},"excerpt":{"rendered":"<p>Schamanische Heilsitzung Seelenr\u00fcckholung Ich arbeite mit Steinen aus der Natur, die mit mir f\u00fcr die schamanischen Heilsitzungen nach der Tradition der Queros, Natives aus Peru eingeweiht wurden.&nbsp; Dazu lade ich die Geistf\u00fchrer ein,&nbsp;f\u00fcr Dich ein Heilungsfeld aufzubauen, was auch mich zu Deinem und meinem h\u00f6chsten Wohle durch diese Heilsitzung f\u00fchrt. Wir beginnen einleitend mit einem [&hellip;]<\/p>","protected":false},"author":1,"featured_media":0,"parent":0,"menu_order":0,"comment_status":"closed","ping_status":"closed","template":"page-templates\/full-width-page.php","meta":[],"_links":{"self":[{"href":"https:\/\/sein-in-natuerlicher-ordnung.de\/en\/wp-json\/wp\/v2\/pages\/181"}],"collection":[{"href":"https:\/\/sein-in-natuerlicher-ordnung.de\/en\/wp-json\/wp\/v2\/pages"}],"about":[{"href":"https:\/\/sein-in-natuerlicher-ordnung.de\/en\/wp-json\/wp\/v2\/types\/page"}],"author":[{"embeddable":true,"href":"https:\/\/sein-in-natuerlicher-ordnung.de\/en\/wp-json\/wp\/v2\/users\/1"}],"replies":[{"embeddable":true,"href":"https:\/\/sein-in-natuerlicher-ordnung.de\/en\/wp-json\/wp\/v2\/comments?post=181"}],"version-history":[{"count":20,"href":"https:\/\/sein-in-natuerlicher-ordnung.de\/en\/wp-json\/wp\/v2\/pages\/181\/revisions"}],"predecessor-version":[{"id":3074,"href":"https:\/\/sein-in-natuerlicher-ordnung.de\/en\/wp-json\/wp\/v2\/pages\/181\/revisions\/3074"}],"wp:attachment":[{"href":"https:\/\/sein-in-natuerlicher-ordnung.de\/en\/wp-json\/wp\/v2\/media?parent=181"}],"curies":[{"name":"wp","href":"https:\/\/api.w.org\/{rel}","templated":true}]}}