{"id":179,"date":"2022-05-02T13:36:15","date_gmt":"2022-05-02T11:36:15","guid":{"rendered":"https:\/\/sein-in-natuerlicher-ordnung.de\/?page_id=179"},"modified":"2022-10-18T13:09:00","modified_gmt":"2022-10-18T11:09:00","slug":"seelenkommunikation","status":"publish","type":"page","link":"https:\/\/sein-in-natuerlicher-ordnung.de\/en\/seelenkommunikation\/","title":{"rendered":"Soul communication"},"content":{"rendered":"<div data-colibri-id=\"179-c1\" class=\"style-450 style-local-179-c1 position-relative\">\n  <!---->\n  <div data-colibri-component=\"section\" data-colibri-id=\"179-c2\" id=\"blank\" class=\"h-section h-section-global-spacing d-flex align-items-lg-center align-items-md-center align-items-center style-919 style-local-179-c2 position-relative\">\n    <!---->\n    <!---->\n    <div class=\"h-section-grid-container h-section-boxed-container\">\n      <!---->\n      <div data-colibri-id=\"179-c3\" class=\"h-row-container gutters-row-lg-2 gutters-row-md-2 gutters-row-0 gutters-row-v-lg-2 gutters-row-v-md-2 gutters-row-v-2 style-920 style-local-179-c3 position-relative\">\n        <!---->\n        <div class=\"h-row justify-content-lg-center justify-content-md-center justify-content-center align-items-lg-stretch align-items-md-stretch align-items-stretch gutters-col-lg-2 gutters-col-md-2 gutters-col-0 gutters-col-v-lg-2 gutters-col-v-md-2 gutters-col-v-2\">\n          <!---->\n          <div class=\"h-column h-column-container d-flex h-col-lg-auto h-col-md-auto h-col-auto style-921-outer style-local-179-c4-outer\">\n            <div data-colibri-id=\"179-c4\" class=\"d-flex h-flex-basis h-column__inner h-ui-empty-state-container h-px-lg-2 h-px-md-2 h-px-2 v-inner-lg-2 v-inner-md-2 v-inner-2 style-921 style-local-179-c4 position-relative\">\n              <!---->\n              <!---->\n              <div class=\"w-100 h-y-container h-column__content h-column__v-align flex-basis-100\">\n                <!---->\n              <\/div>\n            <\/div>\n          <\/div>\n          <div class=\"h-column h-column-container d-flex h-col-lg-auto h-col-md-auto h-col-auto style-922-outer style-local-179-c5-outer\">\n            <div data-colibri-id=\"179-c5\" class=\"d-flex h-flex-basis h-column__inner h-ui-empty-state-container h-px-lg-2 h-px-md-2 h-px-2 v-inner-lg-2 v-inner-md-2 v-inner-2 style-922 style-local-179-c5 position-relative\">\n              <!---->\n              <!---->\n              <div class=\"w-100 h-y-container h-column__content h-column__v-align flex-basis-100\">\n                <!---->\n              <\/div>\n            <\/div>\n          <\/div>\n        <\/div>\n      <\/div>\n    <\/div>\n  <\/div>\n  <div data-colibri-component=\"section\" data-colibri-id=\"179-c10\" id=\"initial-content\" class=\"h-section h-section-global-spacing d-flex align-items-lg-center align-items-md-center align-items-center style-451 style-local-179-c10 position-relative\">\n    <!---->\n    <!---->\n    <div class=\"h-section-grid-container h-section-boxed-container\">\n      <!---->\n      <div data-colibri-id=\"179-c11\" class=\"h-row-container gutters-row-lg-2 gutters-row-md-2 gutters-row-0 gutters-row-v-lg-2 gutters-row-v-md-2 gutters-row-v-2 style-455 style-local-179-c11 position-relative\">\n        <!---->\n        <div class=\"h-row justify-content-lg-center justify-content-md-center justify-content-center align-items-lg-stretch align-items-md-stretch align-items-stretch gutters-col-lg-2 gutters-col-md-2 gutters-col-0 gutters-col-v-lg-2 gutters-col-v-md-2 gutters-col-v-2\">\n          <!---->\n          <div class=\"h-column h-column-container d-flex h-col-lg-auto h-col-md-auto h-col-auto style-456-outer style-local-179-c12-outer\">\n            <div data-colibri-id=\"179-c12\" class=\"d-flex h-flex-basis h-column__inner h-px-lg-2 h-px-md-2 h-px-2 v-inner-lg-2 v-inner-md-2 v-inner-2 style-456 style-local-179-c12 position-relative\">\n              <!---->\n              <!---->\n              <div class=\"w-100 h-y-container h-column__content h-column__v-align flex-basis-100 align-self-lg-start align-self-md-start align-self-start\">\n                <!---->\n                <div data-colibri-id=\"179-c13\" class=\"h-global-transition-all h-heading style-457 style-local-179-c13 position-relative h-element\">\n                  <!---->\n                  <div class=\"h-heading__outer style-457 style-local-179-c13\">\n                    <!---->\n                    <!---->\n                    <h1 class=\"\">Soul communication<\/h1>\n                  <\/div>\n                <\/div>\n              <\/div>\n            <\/div>\n          <\/div>\n        <\/div>\n      <\/div>\n    <\/div>\n  <\/div>\n  <div data-colibri-component=\"section\" data-colibri-id=\"179-c14\" id=\"about\" class=\"h-section h-section-global-spacing d-flex align-items-lg-center align-items-md-center align-items-center style-580 style-local-179-c14 position-relative\">\n    <!---->\n    <!---->\n    <div class=\"h-section-grid-container h-section-boxed-container\">\n      <!---->\n      <div data-colibri-id=\"179-c15\" class=\"h-row-container gutters-row-lg-0 gutters-row-md-0 gutters-row-0 gutters-row-v-lg-0 gutters-row-v-md-0 gutters-row-v-0 style-581 style-local-179-c15 position-relative\">\n        <!---->\n        <div class=\"h-row justify-content-lg-center justify-content-md-center justify-content-center align-items-lg-stretch align-items-md-stretch align-items-stretch gutters-col-lg-0 gutters-col-md-0 gutters-col-0 gutters-col-v-lg-0 gutters-col-v-md-0 gutters-col-v-0\">\n          <!---->\n          <div class=\"h-column h-column-container d-flex h-col-lg-auto h-col-md-auto h-col-auto style-582-outer style-local-179-c16-outer\">\n            <div data-colibri-id=\"179-c16\" class=\"d-flex h-flex-basis h-column__inner h-px-lg-0 h-px-md-0 h-px-0 v-inner-lg-0 v-inner-md-0 v-inner-0 style-582 style-local-179-c16 position-relative\">\n              <!---->\n              <!---->\n              <div class=\"w-100 h-y-container h-column__content h-column__v-align flex-basis-100 align-self-lg-start align-self-md-start align-self-start\">\n                <!---->\n                <div data-colibri-id=\"179-c17\" class=\"h-text h-text-component style-585 style-local-179-c17 position-relative h-element\">\n                  <!---->\n                  <!---->\n                  <div class=\"\">\n                    <p>Die Seele ist das G\u00f6ttliche, das Urspr\u00fcngliche in uns.<\/p>\n                    <p>Sie kennt unseren Lebensplan,\n                      <br>ist das H\u00f6chstschwingenste in uns.<\/p>\n                    <p>In der Seelenkommunikation verbinde ich mich \u00fcber meine Seele mit der Seele eines anderen Lebewesens oder Geistwesens.<\/p>\n                    <p>So kann ich Informationen abfragen, schreibe sie auf und schicke sie Dir dann zu an Deine email.<\/p>\n                    <p>F\u00fcr eine Seelenkommunikation brauche ich Deine genauen Fragen.<\/p>\n                    <p>\n                      <br>\n                    <\/p>\n                    <p>M\u00f6gliche Seelenkommunikationen sind mit:<\/p>\n                    <p>\u2022 Personen, ebenfalls Ungeborene oder Verstorbene<\/p>\n                    <p>\u2022 Tiere<\/p>\n                    <p>\u2022 Naturwesen<\/p>\n                    <p>\u2022 H\u00fcter eines Ortes, Hauses oder Grundst\u00fcckes<\/p>\n                  <\/div>\n                <\/div>\n              <\/div>\n            <\/div>\n          <\/div>\n        <\/div>\n      <\/div>\n    <\/div>\n  <\/div>\n  <div data-colibri-component=\"section\" data-colibri-id=\"179-c18\" id=\"about-2\" class=\"h-section h-section-global-spacing d-flex align-items-lg-center align-items-md-center align-items-center style-587 style-local-179-c18 position-relative\">\n    <!---->\n    <!---->\n    <div class=\"h-section-grid-container h-section-boxed-container\">\n      <!---->\n      <div data-colibri-id=\"179-c19\" class=\"h-row-container gutters-row-lg-0 gutters-row-md-0 gutters-row-0 gutters-row-v-lg-0 gutters-row-v-md-0 gutters-row-v-0 style-588 style-local-179-c19 position-relative\">\n        <!---->\n        <div class=\"h-row justify-content-lg-center justify-content-md-center justify-content-center align-items-lg-stretch align-items-md-stretch align-items-stretch gutters-col-lg-0 gutters-col-md-0 gutters-col-0 gutters-col-v-lg-0 gutters-col-v-md-0 gutters-col-v-0\">\n          <!---->\n          <div class=\"h-column h-column-container d-flex h-col-lg-auto h-col-md-auto h-col-auto style-589-outer style-local-179-c20-outer\">\n            <div data-colibri-id=\"179-c20\" class=\"d-flex h-flex-basis h-column__inner h-px-lg-0 h-px-md-0 h-px-0 v-inner-lg-0 v-inner-md-0 v-inner-0 style-589 style-local-179-c20 position-relative\">\n              <!---->\n              <!---->\n              <div class=\"w-100 h-y-container h-column__content h-column__v-align flex-basis-100 align-self-lg-start align-self-md-start align-self-start\">\n                <!---->\n                <div data-colibri-id=\"179-c21\" class=\"h-text h-text-component style-1129 style-local-179-c21 position-relative h-element\">\n                  <!---->\n                  <!---->\n                  <div class=\"\">\n                    <p>Energieausgleich\n                      <br>f\u00fcr eine Seelenkommunikation nach Aufwand.\n                      <br>Stundensatz 60 Euro\/Stunde<\/p>\n                  <\/div>\n                <\/div>\n              <\/div>\n            <\/div>\n          <\/div>\n        <\/div>\n      <\/div>\n    <\/div>\n  <\/div>\n<\/div>","protected":false},"excerpt":{"rendered":"<p>Seelenkommunikation Die Seele ist das G\u00f6ttliche, das Urspr\u00fcngliche in uns. Sie kennt unseren Lebensplan, ist das H\u00f6chstschwingenste in uns. In der Seelenkommunikation verbinde ich mich \u00fcber meine Seele mit der Seele eines anderen Lebewesens oder Geistwesens. So kann ich Informationen abfragen, schreibe sie auf und schicke sie Dir dann zu an Deine email. F\u00fcr eine [&hellip;]<\/p>","protected":false},"author":1,"featured_media":0,"parent":0,"menu_order":0,"comment_status":"closed","ping_status":"closed","template":"page-templates\/full-width-page.php","meta":[],"_links":{"self":[{"href":"https:\/\/sein-in-natuerlicher-ordnung.de\/en\/wp-json\/wp\/v2\/pages\/179"}],"collection":[{"href":"https:\/\/sein-in-natuerlicher-ordnung.de\/en\/wp-json\/wp\/v2\/pages"}],"about":[{"href":"https:\/\/sein-in-natuerlicher-ordnung.de\/en\/wp-json\/wp\/v2\/types\/page"}],"author":[{"embeddable":true,"href":"https:\/\/sein-in-natuerlicher-ordnung.de\/en\/wp-json\/wp\/v2\/users\/1"}],"replies":[{"embeddable":true,"href":"https:\/\/sein-in-natuerlicher-ordnung.de\/en\/wp-json\/wp\/v2\/comments?post=179"}],"version-history":[{"count":20,"href":"https:\/\/sein-in-natuerlicher-ordnung.de\/en\/wp-json\/wp\/v2\/pages\/179\/revisions"}],"predecessor-version":[{"id":2911,"href":"https:\/\/sein-in-natuerlicher-ordnung.de\/en\/wp-json\/wp\/v2\/pages\/179\/revisions\/2911"}],"wp:attachment":[{"href":"https:\/\/sein-in-natuerlicher-ordnung.de\/en\/wp-json\/wp\/v2\/media?parent=179"}],"curies":[{"name":"wp","href":"https:\/\/api.w.org\/{rel}","templated":true}]}}