{"id":177,"date":"2022-05-02T13:33:13","date_gmt":"2022-05-02T11:33:13","guid":{"rendered":"https:\/\/sein-in-natuerlicher-ordnung.de\/?page_id=177"},"modified":"2023-06-01T19:32:56","modified_gmt":"2023-06-01T17:32:56","slug":"die-weiblichkeit-in-dir","status":"publish","type":"page","link":"https:\/\/sein-in-natuerlicher-ordnung.de\/en\/die-weiblichkeit-in-dir\/","title":{"rendered":"The Femininity in You"},"content":{"rendered":"<div data-colibri-id=\"177-c1\" class=\"style-442 style-local-177-c1 position-relative\">\n  <!---->\n  <div data-colibri-component=\"section\" data-colibri-id=\"177-c2\" id=\"blank\" class=\"h-section h-section-global-spacing d-flex align-items-lg-center align-items-md-center align-items-center style-903 style-local-177-c2 position-relative\">\n    <!---->\n    <!---->\n    <div class=\"h-section-grid-container h-section-boxed-container\">\n      <!---->\n      <div data-colibri-id=\"177-c3\" class=\"h-row-container gutters-row-lg-2 gutters-row-md-2 gutters-row-0 gutters-row-v-lg-2 gutters-row-v-md-2 gutters-row-v-2 style-904 style-local-177-c3 position-relative\">\n        <!---->\n        <div class=\"h-row justify-content-lg-center justify-content-md-center justify-content-center align-items-lg-stretch align-items-md-stretch align-items-stretch gutters-col-lg-2 gutters-col-md-2 gutters-col-0 gutters-col-v-lg-2 gutters-col-v-md-2 gutters-col-v-2\">\n          <!---->\n          <div class=\"h-column h-column-container d-flex h-col-lg-auto h-col-md-auto h-col-auto style-905-outer style-local-177-c4-outer\">\n            <div data-colibri-id=\"177-c4\" class=\"d-flex h-flex-basis h-column__inner h-ui-empty-state-container h-px-lg-2 h-px-md-2 h-px-2 v-inner-lg-2 v-inner-md-2 v-inner-2 style-905 style-local-177-c4 position-relative\">\n              <!---->\n              <!---->\n              <div class=\"w-100 h-y-container h-column__content h-column__v-align flex-basis-100\">\n                <!---->\n              <\/div>\n            <\/div>\n          <\/div>\n          <div class=\"h-column h-column-container d-flex h-col-lg-auto h-col-md-auto h-col-auto style-906-outer style-local-177-c5-outer\">\n            <div data-colibri-id=\"177-c5\" class=\"d-flex h-flex-basis h-column__inner h-ui-empty-state-container h-px-lg-2 h-px-md-2 h-px-2 v-inner-lg-2 v-inner-md-2 v-inner-2 style-906 style-local-177-c5 position-relative\">\n              <!---->\n              <!---->\n              <div class=\"w-100 h-y-container h-column__content h-column__v-align flex-basis-100\">\n                <!---->\n              <\/div>\n            <\/div>\n          <\/div>\n        <\/div>\n      <\/div>\n    <\/div>\n  <\/div>\n  <div data-colibri-component=\"section\" data-colibri-id=\"177-c10\" id=\"initial-content\" class=\"h-section h-section-global-spacing d-flex align-items-lg-center align-items-md-center align-items-center style-443 style-local-177-c10 position-relative\">\n    <!---->\n    <!---->\n    <div class=\"h-section-grid-container h-section-boxed-container\">\n      <!---->\n      <div data-colibri-id=\"177-c11\" class=\"h-row-container gutters-row-lg-2 gutters-row-md-2 gutters-row-0 gutters-row-v-lg-2 gutters-row-v-md-2 gutters-row-v-2 style-447 style-local-177-c11 position-relative\">\n        <!---->\n        <div class=\"h-row justify-content-lg-center justify-content-md-center justify-content-center align-items-lg-stretch align-items-md-stretch align-items-stretch gutters-col-lg-2 gutters-col-md-2 gutters-col-0 gutters-col-v-lg-2 gutters-col-v-md-2 gutters-col-v-2\">\n          <!---->\n          <div class=\"h-column h-column-container d-flex h-col-lg-auto h-col-md-auto h-col-auto style-448-outer style-local-177-c12-outer\">\n            <div data-colibri-id=\"177-c12\" class=\"d-flex h-flex-basis h-column__inner h-px-lg-2 h-px-md-2 h-px-2 v-inner-lg-2 v-inner-md-2 v-inner-2 style-448 style-local-177-c12 position-relative\">\n              <!---->\n              <!---->\n              <div class=\"w-100 h-y-container h-column__content h-column__v-align flex-basis-100 align-self-lg-start align-self-md-start align-self-start\">\n                <!---->\n                <div data-colibri-id=\"177-c13\" class=\"h-global-transition-all h-heading style-449 style-local-177-c13 position-relative h-element\">\n                  <!---->\n                  <div class=\"h-heading__outer style-449 style-local-177-c13\">\n                    <!---->\n                    <!---->\n                    <h1 class=\"\">The Femininity in You<\/h1>\n                  <\/div>\n                <\/div>\n                <div data-colibri-id=\"177-c14\" class=\"h-global-transition-all h-heading style-515 style-local-177-c14 position-relative h-element\">\n                  <!---->\n                  <div class=\"h-heading__outer style-515 style-local-177-c14\">\n                    <!---->\n                    <!---->\n                    <h3 class=\"\">&nbsp;&nbsp;&nbsp;&nbsp;Sanctification and blessing of femininity in us women and Mother Earth<\/h3>\n                  <\/div>\n                <\/div>\n              <\/div>\n            <\/div>\n          <\/div>\n        <\/div>\n      <\/div>\n    <\/div>\n  <\/div>\n  <div data-colibri-component=\"section\" data-colibri-id=\"177-c15\" id=\"about\" class=\"h-section h-section-global-spacing d-flex align-items-lg-center align-items-md-center align-items-center style-508 style-local-177-c15 position-relative\">\n    <!---->\n    <!---->\n    <div class=\"h-section-grid-container h-section-boxed-container\">\n      <!---->\n      <div data-colibri-id=\"177-c16\" class=\"h-row-container gutters-row-lg-0 gutters-row-md-0 gutters-row-0 gutters-row-v-lg-0 gutters-row-v-md-0 gutters-row-v-0 style-509 style-local-177-c16 position-relative\">\n        <!---->\n        <div class=\"h-row justify-content-lg-center justify-content-md-center justify-content-center align-items-lg-stretch align-items-md-stretch align-items-stretch gutters-col-lg-0 gutters-col-md-0 gutters-col-0 gutters-col-v-lg-0 gutters-col-v-md-0 gutters-col-v-0\">\n          <!---->\n          <div class=\"h-column h-column-container d-flex h-col-lg-auto h-col-md-auto h-col-auto style-510-outer style-local-177-c17-outer\">\n            <div data-colibri-id=\"177-c17\" class=\"d-flex h-flex-basis h-column__inner h-px-lg-0 h-px-md-0 h-px-0 v-inner-lg-0 v-inner-md-0 v-inner-0 style-510 style-local-177-c17 position-relative\">\n              <!---->\n              <!---->\n              <div class=\"w-100 h-y-container h-column__content h-column__v-align flex-basis-100 align-self-lg-start align-self-md-start align-self-start\">\n                <!---->\n                <div data-colibri-id=\"177-c18\" class=\"h-global-transition-all h-heading style-511 style-local-177-c18 position-relative h-element\">\n                  <!---->\n                  <div class=\"h-heading__outer style-511 style-local-177-c18\">\n                    <!---->\n                    <!---->\n                    <h5 class=\"\">The Mantra of this treatment:\n                      <br>\u2018 It happened.   It is over.\n                      <br>Things are going on differently now than they were happening before. \u2018<\/h5>\n                  <\/div>\n                <\/div>\n                <div data-colibri-id=\"177-c19\" class=\"h-text h-text-component style-513 style-local-177-c19 position-relative h-element\">\n                  <!---->\n                  <!---->\n                  <div class=\"\">\n                    <p>\n                      <br>\n                    <\/p>\n                    <p>The plant healing powers of 15 essential oils, the healing powers of 9 stones as well as subtle vibrations from the spiritual level are made available for the highest good of all according to the divine order.<\/p>\n                    <p>It leads the receiving woman back into her individual, personal and healed femininity.<\/p>\n                    <p>In this treatment you will receive what you currently need and what corresponds to your soul, your soul plan and the divine order.<\/p>\n                    <p>It effects the receiving woman and also all of her direct female relatives like mother, grandmother , great-grandmother, sisters, daughters, granddaughters and                               great-granddaughters.<\/p>\n                    <p>Felder der Befreiung, Reinigung, Heilung und selbstst\u00e4ndigen Kraft wirken hier ebenso wie Felder die befrieden, die Trauer, Gram, Misstrauen, Angst, Echos von Verletzungen und \u00dcberschreitungen aller Art bearbeiten, bereinigen und in\n                      die g\u00f6ttliche Ordnung bringen.<\/p>\n                    <p>Once a woman has received this treatment she is emotionally and<\/p>\n                    <p>Sie entspricht auf allen Ebenen der G\u00f6ttlichen Ordnung, sie zu empfangen und zu geben.<\/p>\n                    <p>mentally much less preoccupied  and involved in the issues related to femininity within her.<\/p>\n                  <\/div>\n                <\/div>\n              <\/div>\n            <\/div>\n          <\/div>\n          <div class=\"h-column h-column-container d-flex h-col-lg-auto h-col-md-auto h-col-auto style-514-outer style-local-177-c20-outer\">\n            <div data-colibri-id=\"177-c20\" class=\"d-flex h-flex-basis h-column__inner h-px-lg-2 h-px-md-2 h-px-2 v-inner-lg-2 v-inner-md-2 v-inner-2 style-514 style-local-177-c20 position-relative\">\n              <!---->\n              <!---->\n              <div class=\"w-100 h-y-container h-column__content h-column__v-align flex-basis-100 align-self-lg-center align-self-md-center align-self-center\">\n                <!---->\n                <div data-colibri-id=\"177-c21\" class=\"h-text h-text-component style-519 style-local-177-c21 position-relative h-element\">\n                  <!---->\n                  <!---->\n                  <div class=\"\">\n                    <p>By increasing  the vibrations in her system on all levels, she heals our Mother Earth at the same time.<\/p>\n                    <p>\n                      <br>\n                    <\/p>\n                    <p>The current vibration can increase so that awareness of the earth can unfold which affects the global of the current change.<\/p>\n                    <p>\n                      <br>\n                    <\/p>\n                    <p>In this treatment I will work in a gentle way of touching and honouring while putting the oils and stones on your body \u2013<\/p>\n                    <p>\n                      <br>\n                    <\/p>\n                    <p>celebrating the gift of femininity.<\/p>\n                    <p>\n                      <br>\n                    <\/p>\n                    <p>Feel invited to get involved in what your own soul can do in connection with all the plant and stone souls.<\/p>\n                  <\/div>\n                <\/div>\n              <\/div>\n            <\/div>\n          <\/div>\n        <\/div>\n      <\/div>\n    <\/div>\n  <\/div>\n  <div data-colibri-component=\"section\" data-colibri-id=\"177-c22\" id=\"about-3\" class=\"h-section h-section-global-spacing d-flex align-items-lg-center align-items-md-center align-items-center style-529 style-local-177-c22 position-relative\">\n    <!---->\n    <!---->\n    <div class=\"h-section-grid-container h-section-boxed-container\">\n      <!---->\n      <div data-colibri-id=\"177-c23\" class=\"h-row-container gutters-row-lg-0 gutters-row-md-0 gutters-row-0 gutters-row-v-lg-0 gutters-row-v-md-0 gutters-row-v-0 style-530 style-local-177-c23 position-relative\">\n        <!---->\n        <div class=\"h-row justify-content-lg-center justify-content-md-center justify-content-center align-items-lg-stretch align-items-md-stretch align-items-stretch gutters-col-lg-0 gutters-col-md-0 gutters-col-0 gutters-col-v-lg-0 gutters-col-v-md-0 gutters-col-v-0\">\n          <!---->\n          <div class=\"h-column h-column-container d-flex h-col-lg-auto h-col-md-auto h-col-auto style-531-outer style-local-177-c24-outer\">\n            <div data-colibri-id=\"177-c24\" class=\"d-flex h-flex-basis h-column__inner h-px-lg-0 h-px-md-0 h-px-0 v-inner-lg-0 v-inner-md-0 v-inner-0 style-531 style-local-177-c24 position-relative\">\n              <!---->\n              <!---->\n              <div class=\"w-100 h-y-container h-column__content h-column__v-align flex-basis-100 align-self-lg-start align-self-md-start align-self-start\">\n                <!---->\n                <div data-colibri-id=\"177-c25\" class=\"h-global-transition-all h-heading style-533 style-local-177-c25 position-relative h-element\">\n                  <!---->\n                  <div class=\"h-heading__outer style-533 style-local-177-c25\">\n                    <!---->\n                    <!---->\n                    <h4 class=\"\">A message from mother earth that I received in may 2021:<\/h4>\n                  <\/div>\n                <\/div>\n                <div data-colibri-id=\"177-c26\" class=\"h-text h-text-component style-534 style-local-177-c26 position-relative h-element\">\n                  <!---->\n                  <!---->\n                  <div class=\"\">\n                    <p>\n                      <br>\n                    <\/p>\n                    <p>There are the women who prepare the beginning of this change and                            heal their feminity.<\/p>\n                    <p>By increasing  the vibrations in her system on all levels, she heals our Mother Earth at the same time.<\/p>\n                    <p>The current vibration can increase so that awareness of the earth can unfold which affects the global of the current change.<\/p>\n                    <p>Only then can men begin to heal their masculinity, accept and permit their female parts.<\/p>\n                    <p>So society can change from the current male into the female structure.<\/p>\n                  <\/div>\n                <\/div>\n              <\/div>\n            <\/div>\n          <\/div>\n        <\/div>\n      <\/div>\n    <\/div>\n  <\/div>\n  <div data-colibri-component=\"section\" data-colibri-id=\"177-c27\" id=\"about-2\" class=\"h-section h-section-global-spacing d-flex align-items-lg-center align-items-md-center align-items-center style-520 style-local-177-c27 position-relative\">\n    <!---->\n    <!---->\n    <div class=\"h-section-grid-container h-section-boxed-container\">\n      <!---->\n      <div data-colibri-id=\"177-c28\" class=\"h-row-container gutters-row-lg-0 gutters-row-md-0 gutters-row-0 gutters-row-v-lg-0 gutters-row-v-md-0 gutters-row-v-0 style-521 style-local-177-c28 position-relative\">\n        <!---->\n        <div class=\"h-row justify-content-lg-center justify-content-md-center justify-content-center align-items-lg-stretch align-items-md-stretch align-items-stretch gutters-col-lg-0 gutters-col-md-0 gutters-col-0 gutters-col-v-lg-0 gutters-col-v-md-0 gutters-col-v-0\">\n          <!---->\n          <div class=\"h-column h-column-container d-flex h-col-lg-auto h-col-md-auto h-col-auto style-522-outer style-local-177-c29-outer\">\n            <div data-colibri-id=\"177-c29\" class=\"d-flex h-flex-basis h-column__inner h-px-lg-0 h-px-md-0 h-px-0 v-inner-lg-0 v-inner-md-0 v-inner-0 style-522 style-local-177-c29 position-relative\">\n              <!---->\n              <!---->\n              <div class=\"w-100 h-y-container h-column__content h-column__v-align flex-basis-100 align-self-lg-start align-self-md-start align-self-start\">\n                <!---->\n                <div data-colibri-id=\"177-c30\" class=\"h-text h-text-component style-1117 style-local-177-c30 position-relative h-element\">\n                  <!---->\n                  <!---->\n                  <div class=\"\">\n                    <p>Energieausgleich:&nbsp;&nbsp;120 Euro\n                      <br>Dauer:&nbsp;&nbsp;1,5 &#8211; 2 Stunden<\/p>\n                  <\/div>\n                <\/div>\n              <\/div>\n            <\/div>\n          <\/div>\n        <\/div>\n      <\/div>\n    <\/div>\n  <\/div>\n<\/div>","protected":false},"excerpt":{"rendered":"<p>Die Weiblichkeit in Dir &nbsp;&nbsp;&nbsp;&nbsp;Heiligung und Segnung der Weiblichkeit in uns Frauen und der Mutter Erde Das Mantra dieser Anwendung: \u201eEs ist geschehen. Es ist vorbei. Es geht nun anders weiter als bisher\u201c Die Pflanzenheilkr\u00e4fte von 15 \u00e4therischen \u00d6len, die Heilkr\u00e4fte von 9 Steinen sowie feinstoffliche Schwingungsfelder aus der geistigen Welt werden zum h\u00f6chsten Wohle [&hellip;]<\/p>","protected":false},"author":1,"featured_media":0,"parent":0,"menu_order":0,"comment_status":"closed","ping_status":"closed","template":"page-templates\/full-width-page.php","meta":[],"_links":{"self":[{"href":"https:\/\/sein-in-natuerlicher-ordnung.de\/en\/wp-json\/wp\/v2\/pages\/177"}],"collection":[{"href":"https:\/\/sein-in-natuerlicher-ordnung.de\/en\/wp-json\/wp\/v2\/pages"}],"about":[{"href":"https:\/\/sein-in-natuerlicher-ordnung.de\/en\/wp-json\/wp\/v2\/types\/page"}],"author":[{"embeddable":true,"href":"https:\/\/sein-in-natuerlicher-ordnung.de\/en\/wp-json\/wp\/v2\/users\/1"}],"replies":[{"embeddable":true,"href":"https:\/\/sein-in-natuerlicher-ordnung.de\/en\/wp-json\/wp\/v2\/comments?post=177"}],"version-history":[{"count":20,"href":"https:\/\/sein-in-natuerlicher-ordnung.de\/en\/wp-json\/wp\/v2\/pages\/177\/revisions"}],"predecessor-version":[{"id":3039,"href":"https:\/\/sein-in-natuerlicher-ordnung.de\/en\/wp-json\/wp\/v2\/pages\/177\/revisions\/3039"}],"wp:attachment":[{"href":"https:\/\/sein-in-natuerlicher-ordnung.de\/en\/wp-json\/wp\/v2\/media?parent=177"}],"curies":[{"name":"wp","href":"https:\/\/api.w.org\/{rel}","templated":true}]}}