{"id":1488,"date":"2022-07-25T15:23:41","date_gmt":"2022-07-25T13:23:41","guid":{"rendered":"https:\/\/sein-in-natuerlicher-ordnung.de\/?page_id=1488"},"modified":"2024-03-14T12:40:38","modified_gmt":"2024-03-14T10:40:38","slug":"seelentropfen","status":"publish","type":"page","link":"https:\/\/sein-in-natuerlicher-ordnung.de\/en\/seelentropfen\/","title":{"rendered":"Seelentropfen"},"content":{"rendered":"<div data-colibri-id=\"1488-c1\" class=\"style-998 style-local-1488-c1 position-relative\">\n  <!---->\n  <div data-colibri-component=\"section\" data-colibri-id=\"1488-c2\" id=\"custom\" class=\"h-section h-section-global-spacing d-flex align-items-lg-center align-items-md-center align-items-center style-1006 style-local-1488-c2 position-relative\">\n    <!---->\n    <!---->\n    <div class=\"h-section-grid-container h-section-boxed-container\">\n      <!---->\n      <div data-colibri-id=\"1488-c3\" class=\"h-row-container gutters-row-lg-2 gutters-row-md-2 gutters-row-0 gutters-row-v-lg-2 gutters-row-v-md-2 gutters-row-v-2 style-1007 style-local-1488-c3 position-relative\">\n        <!---->\n        <div class=\"h-row justify-content-lg-center justify-content-md-center justify-content-center align-items-lg-stretch align-items-md-stretch align-items-stretch gutters-col-lg-2 gutters-col-md-2 gutters-col-0 gutters-col-v-lg-2 gutters-col-v-md-2 gutters-col-v-2\">\n          <!---->\n          <div class=\"h-column h-column-container d-flex h-col-lg-auto h-col-md-auto h-col-auto style-1008-outer style-local-1488-c4-outer\">\n            <div data-colibri-id=\"1488-c4\" class=\"d-flex h-flex-basis h-column__inner h-ui-empty-state-container h-px-lg-2 h-px-md-2 h-px-2 v-inner-lg-2 v-inner-md-2 v-inner-2 style-1008 style-local-1488-c4 position-relative\">\n              <!---->\n              <!---->\n              <div class=\"w-100 h-y-container h-column__content h-column__v-align flex-basis-100\">\n                <!---->\n              <\/div>\n            <\/div>\n          <\/div>\n          <div class=\"h-column h-column-container d-flex h-col-lg-auto h-col-md-auto h-col-auto style-1009-outer style-local-1488-c5-outer\">\n            <div data-colibri-id=\"1488-c5\" class=\"d-flex h-flex-basis h-column__inner h-ui-empty-state-container h-px-lg-2 h-px-md-2 h-px-2 v-inner-lg-2 v-inner-md-2 v-inner-2 style-1009 style-local-1488-c5 position-relative\">\n              <!---->\n              <!---->\n              <div class=\"w-100 h-y-container h-column__content h-column__v-align flex-basis-100\">\n                <!---->\n              <\/div>\n            <\/div>\n          <\/div>\n        <\/div>\n      <\/div>\n    <\/div>\n  <\/div>\n  <div data-colibri-component=\"section\" data-colibri-id=\"1488-c6\" id=\"about-3\" class=\"h-section h-section-global-spacing d-flex align-items-lg-center align-items-md-center align-items-center style-1062 style-local-1488-c6 position-relative\">\n    <!---->\n    <!---->\n    <div class=\"h-section-grid-container h-section-boxed-container\">\n      <!---->\n      <div data-colibri-id=\"1488-c7\" class=\"h-row-container gutters-row-lg-2 gutters-row-md-2 gutters-row-0 gutters-row-v-lg-2 gutters-row-v-md-2 gutters-row-v-2 style-1069 style-local-1488-c7 position-relative\">\n        <!---->\n        <div class=\"h-row justify-content-lg-center justify-content-md-center justify-content-center align-items-lg-stretch align-items-md-stretch align-items-stretch gutters-col-lg-2 gutters-col-md-2 gutters-col-0 gutters-col-v-lg-2 gutters-col-v-md-2 gutters-col-v-2\">\n          <!---->\n          <div class=\"h-column h-column-container d-flex h-col-lg-auto h-col-md-auto h-col-auto style-1070-outer style-local-1488-c8-outer\">\n            <div data-colibri-id=\"1488-c8\" class=\"d-flex h-flex-basis h-column__inner h-px-lg-2 h-px-md-2 h-px-2 v-inner-lg-2 v-inner-md-2 v-inner-2 style-1070 style-local-1488-c8 position-relative\">\n              <!---->\n              <!---->\n              <div class=\"w-100 h-y-container h-column__content h-column__v-align flex-basis-100 align-self-lg-start align-self-md-start align-self-start\">\n                <!---->\n                <div data-colibri-id=\"1488-c9\" class=\"h-global-transition-all h-heading style-1071 style-local-1488-c9 position-relative h-element\">\n                  <!---->\n                  <div class=\"h-heading__outer style-1071 style-local-1488-c9\">\n                    <!---->\n                    <!---->\n                    <h1 class=\"\">Soul drops - the sacred touch<\/h1>\n                  <\/div>\n                <\/div>\n              <\/div>\n            <\/div>\n          <\/div>\n        <\/div>\n      <\/div>\n      <div data-colibri-id=\"1488-c10\" class=\"h-row-container gutters-row-lg-0 gutters-row-md-0 gutters-row-0 gutters-row-v-lg-0 gutters-row-v-md-0 gutters-row-v-0 style-1063 style-local-1488-c10 position-relative\">\n        <!---->\n        <div class=\"h-row justify-content-lg-center justify-content-md-center justify-content-center align-items-lg-stretch align-items-md-stretch align-items-stretch gutters-col-lg-0 gutters-col-md-0 gutters-col-0 gutters-col-v-lg-0 gutters-col-v-md-0 gutters-col-v-0\">\n          <!---->\n          <div class=\"h-column h-column-container d-flex h-col-lg-auto h-col-md-auto h-col-auto style-1064-outer style-local-1488-c11-outer\">\n            <div data-colibri-id=\"1488-c11\" class=\"d-flex h-flex-basis h-column__inner h-px-lg-0 h-px-md-0 h-px-0 v-inner-lg-0 v-inner-md-0 v-inner-0 style-1064 style-local-1488-c11 position-relative\">\n              <!---->\n              <!---->\n              <div class=\"w-100 h-y-container h-column__content h-column__v-align flex-basis-100 align-self-lg-start align-self-md-start align-self-start\">\n                <!---->\n                <div data-colibri-id=\"1488-c12\" class=\"h-text h-text-component style-1067 style-local-1488-c12 position-relative h-element\">\n                  <!---->\n                  <!---->\n                  <div class=\"\">\n                    <p>In this treatment, the plant souls in the essential oils and the stone soul of the rock crystal work in the service of your soul, preparing you and enabling you to come into closer contact with your soul.<\/p>\n                    <p>Your soul can communicate better and have an effect on all your levels.<\/p>\n                    <p>You can remember who you are and what your soul has planned for you in life.<\/p>\n                    <p>So you can align yourself accordingly.<\/p>\n                  <\/div>\n                <\/div>\n              <\/div>\n            <\/div>\n          <\/div>\n          <div class=\"h-column h-column-container d-flex h-col-lg-auto h-col-md-auto h-col-auto style-1068-outer style-local-1488-c13-outer\">\n            <div data-colibri-id=\"1488-c13\" class=\"d-flex h-flex-basis h-column__inner h-px-lg-3 h-px-md-3 h-px-3 v-inner-lg-2 v-inner-md-2 v-inner-2 style-1068 style-local-1488-c13 position-relative\">\n              <!---->\n              <!---->\n              <div class=\"w-100 h-y-container h-column__content h-column__v-align flex-basis-100 align-self-lg-center align-self-md-center align-self-center\">\n                <!---->\n                <div data-colibri-id=\"1488-c14\" class=\"h-text h-text-component style-1072 style-local-1488-c14 position-relative h-element\">\n                  <!---->\n                  <!---->\n                  <div class=\"\">\n                    <p>The soul is always part of the divine plan and in harmony with the service of the Universe and all of creation. <\/p>\n                    <p>If the vibration and the consciousness are raised and opened up for your own soul energy and soul power, you come more and more into the divine order, become consciously part of the Great Creation\u2014and life flows.<\/p>\n                    <p>So this treatment is a service for the evolution of humankind, the current change of our Mother Earth, to which every single soul that receives this application contributes.<\/p>\n                  <\/div>\n                <\/div>\n              <\/div>\n            <\/div>\n          <\/div>\n        <\/div>\n      <\/div>\n    <\/div>\n  <\/div>\n  <div data-colibri-component=\"section\" data-colibri-id=\"1488-c15\" id=\"about-2\" class=\"h-section h-section-global-spacing d-flex align-items-lg-center align-items-md-center align-items-center style-1014 style-local-1488-c15 position-relative\">\n    <!---->\n    <!---->\n    <div class=\"h-section-grid-container h-section-boxed-container\">\n      <!---->\n      <div data-colibri-id=\"1488-c16\" class=\"h-row-container gutters-row-lg-0 gutters-row-md-0 gutters-row-0 gutters-row-v-lg-0 gutters-row-v-md-0 gutters-row-v-0 style-1015 style-local-1488-c16 position-relative\">\n        <!---->\n        <div class=\"h-row justify-content-lg-center justify-content-md-center justify-content-center align-items-lg-stretch align-items-md-stretch align-items-stretch gutters-col-lg-0 gutters-col-md-0 gutters-col-0 gutters-col-v-lg-0 gutters-col-v-md-0 gutters-col-v-0\">\n          <!---->\n          <div class=\"h-column h-column-container d-flex h-col-lg-auto h-col-md-auto h-col-auto style-1016-outer style-local-1488-c17-outer\">\n            <div data-colibri-id=\"1488-c17\" class=\"d-flex h-flex-basis h-column__inner h-px-lg-0 h-px-md-0 h-px-0 v-inner-lg-0 v-inner-md-0 v-inner-0 style-1016 style-local-1488-c17 position-relative\">\n              <!---->\n              <!---->\n              <div class=\"w-100 h-y-container h-column__content h-column__v-align flex-basis-100 align-self-lg-start align-self-md-start align-self-start\">\n                <!---->\n                <div data-colibri-id=\"1488-c18\" class=\"h-text h-text-component style-1130 style-local-1488-c18 position-relative h-element\">\n                  <!---->\n                  <!---->\n                  <div class=\"\">\n                    <p>Energieausgleich:&nbsp;&nbsp;150 Euro\n                      <br>Dauer:&nbsp;&nbsp;2 &#8211; 3 Stunden<\/p>\n                  <\/div>\n                <\/div>\n              <\/div>\n            <\/div>\n          <\/div>\n        <\/div>\n      <\/div>\n    <\/div>\n  <\/div>\n<\/div>","protected":false},"excerpt":{"rendered":"<p>Seelentropfen \u2013 die heilige Ber\u00fchrung In dieser Anwendung wirken die Pflanzenseelen in den \u00e4therischen \u00d6len und die Steinseele des Bergkristalles im Dienst mit Deiner Seele, Dich vorzubereiten und es Dir zu erm\u00f6glichen in engeren Kontakt mit Deiner Seele zu kommen. Deine Seele kann dadurch besser kommunizieren und einwirken auf allen Deinen Ebenen. Du kannst Dich [&hellip;]<\/p>","protected":false},"author":1,"featured_media":0,"parent":0,"menu_order":0,"comment_status":"closed","ping_status":"closed","template":"page-templates\/full-width-page.php","meta":[],"_links":{"self":[{"href":"https:\/\/sein-in-natuerlicher-ordnung.de\/en\/wp-json\/wp\/v2\/pages\/1488"}],"collection":[{"href":"https:\/\/sein-in-natuerlicher-ordnung.de\/en\/wp-json\/wp\/v2\/pages"}],"about":[{"href":"https:\/\/sein-in-natuerlicher-ordnung.de\/en\/wp-json\/wp\/v2\/types\/page"}],"author":[{"embeddable":true,"href":"https:\/\/sein-in-natuerlicher-ordnung.de\/en\/wp-json\/wp\/v2\/users\/1"}],"replies":[{"embeddable":true,"href":"https:\/\/sein-in-natuerlicher-ordnung.de\/en\/wp-json\/wp\/v2\/comments?post=1488"}],"version-history":[{"count":13,"href":"https:\/\/sein-in-natuerlicher-ordnung.de\/en\/wp-json\/wp\/v2\/pages\/1488\/revisions"}],"predecessor-version":[{"id":3182,"href":"https:\/\/sein-in-natuerlicher-ordnung.de\/en\/wp-json\/wp\/v2\/pages\/1488\/revisions\/3182"}],"wp:attachment":[{"href":"https:\/\/sein-in-natuerlicher-ordnung.de\/en\/wp-json\/wp\/v2\/media?parent=1488"}],"curies":[{"name":"wp","href":"https:\/\/api.w.org\/{rel}","templated":true}]}}